{"id":20536,"date":"2023-08-22T08:11:18","date_gmt":"2023-08-22T04:41:18","guid":{"rendered":"https:\/\/xchief.academy\/presentes-e-premios\/"},"modified":"2024-09-29T03:33:36","modified_gmt":"2024-09-29T00:03:36","slug":"presentes-e-premios","status":"publish","type":"page","link":"https:\/\/xchief.academy\/pt-pt\/presentes-e-premios\/","title":{"rendered":"Presentes e pr\u00eamios"},"content":{"rendered":"\t\t<div data-elementor-type=\"wp-page\" data-elementor-id=\"20536\" class=\"elementor elementor-20536 elementor-1348\" data-elementor-post-type=\"page\">\n\t\t\t\t\t\t<section class=\"elementor-section elementor-top-section elementor-element elementor-element-be6d58e elementor-section-boxed elementor-section-height-default elementor-section-height-default\" data-id=\"be6d58e\" data-element_type=\"section\">\n\t\t\t\t\t\t<div class=\"elementor-container elementor-column-gap-default\">\n\t\t\t\t\t<div class=\"elementor-column elementor-col-100 elementor-top-column elementor-element elementor-element-5534241\" data-id=\"5534241\" data-element_type=\"column\" data-settings=\"{&quot;background_background&quot;:&quot;classic&quot;}\">\n\t\t\t<div class=\"elementor-widget-wrap elementor-element-populated\">\n\t\t\t\t\t\t<div class=\"elementor-element elementor-element-a9f6fc8 elementor-widget elementor-widget-image\" data-id=\"a9f6fc8\" data-element_type=\"widget\" data-widget_type=\"image.default\">\n\t\t\t\t<div class=\"elementor-widget-container\">\n\t\t\t\t\t\t\t\t\t\t\t\t\t\t\t<img fetchpriority=\"high\" decoding=\"async\" width=\"860\" height=\"467\" src=\"https:\/\/xchief.academy\/wp-content\/uploads\/2023\/08\/b30598784a7b8cba12601a6306253b2c.jpeg\" class=\"attachment-large size-large wp-image-1391\" alt=\"\" srcset=\"https:\/\/xchief.academy\/wp-content\/uploads\/2023\/08\/b30598784a7b8cba12601a6306253b2c.jpeg 860w, https:\/\/xchief.academy\/wp-content\/uploads\/2023\/08\/b30598784a7b8cba12601a6306253b2c-300x163.jpeg 300w, https:\/\/xchief.academy\/wp-content\/uploads\/2023\/08\/b30598784a7b8cba12601a6306253b2c-768x417.jpeg 768w, https:\/\/xchief.academy\/wp-content\/uploads\/2023\/08\/b30598784a7b8cba12601a6306253b2c-600x326.jpeg 600w\" sizes=\"(max-width: 860px) 100vw, 860px\" \/>\t\t\t\t\t\t\t\t\t\t\t\t\t\t\t<\/div>\n\t\t\t\t<\/div>\n\t\t\t\t<div class=\"elementor-element elementor-element-d5e0b05 elementor-widget elementor-widget-heading\" data-id=\"d5e0b05\" data-element_type=\"widget\" data-widget_type=\"heading.default\">\n\t\t\t\t<div class=\"elementor-widget-container\">\n\t\t\t\t\t<h2 class=\"elementor-heading-title elementor-size-default\">Oferecemos Macbooks, iPhones, iPads, AirPods, Apple Watches, bon\u00e9s, camisetas, flashdisks, canecas e outros produtos para traders ativos da xChief e participantes do curso Smart Forex!<\/h2>\t\t\t\t<\/div>\n\t\t\t\t<\/div>\n\t\t\t\t<div class=\"elementor-element elementor-element-d6532d4 elementor-widget elementor-widget-TypeWriter\" data-id=\"d6532d4\" data-element_type=\"widget\" data-widget_type=\"TypeWriter.default\">\n\t\t\t\t<div class=\"elementor-widget-container\">\n\t\t\t\t\t        <div class=\"typewriter-box-center\">\n            <span class=\"typewriter-fixed\"><\/span>\n                        <div class=\"typewriter typewriter-d6532d4\">\n                <span class=\"Typewriter__wrapper Typewriter__wrapper-d6532d4\" data-period=\"2500\" data-text='[\"Como ganhar pr\u00eamios?\"]'><\/span>\n                <span class=\"Typewriter__cursor\">|<\/span>\n            <\/div>\n            <script type=\"text\/javascript\">\n                jQuery(document).ready(function () {\n                    ahura_typewriter('Typewriter__wrapper-d6532d4');\n                });\n            <\/script>\n        <\/div>\n    \t\t\t\t<\/div>\n\t\t\t\t<\/div>\n\t\t\t\t<div class=\"elementor-element elementor-element-68daf7e elementor-widget elementor-widget-icon_box_3\" data-id=\"68daf7e\" data-element_type=\"widget\" data-widget_type=\"icon_box_3.default\">\n\t\t\t\t<div class=\"elementor-widget-container\">\n\t\t\t\t\t\t\t<a href=\"\" target=\"_blank\" rel=\"nofollow\"  class=\"ahura_element_icon_box_3\">\n\t\t\t<div class=\"icon\"><i class=\"fas fa-sign-in-alt\"><\/i><\/div>\n\t\t\t<span class=\"title\">1. Registre-se no curso Smart Forex e abra uma conta de negocia\u00e7\u00e3o na xChief.<\/span>\n\t\t<\/a>\n\t\t\t\t\t\t<\/div>\n\t\t\t\t<\/div>\n\t\t\t\t<div class=\"elementor-element elementor-element-85342c1 elementor-widget elementor-widget-icon_box_3\" data-id=\"85342c1\" data-element_type=\"widget\" data-widget_type=\"icon_box_3.default\">\n\t\t\t\t<div class=\"elementor-widget-container\">\n\t\t\t\t\t\t\t<a href=\"\" target=\"_blank\" rel=\"nofollow\"  class=\"ahura_element_icon_box_3\">\n\t\t\t<div class=\"icon\"><i class=\"fas fa-charging-station\"><\/i><\/div>\n\t\t\t<span class=\"title\">2. Recarregue sua conta e comece a negociar.<\/span>\n\t\t<\/a>\n\t\t\t\t\t\t<\/div>\n\t\t\t\t<\/div>\n\t\t\t\t<div class=\"elementor-element elementor-element-50be3fb elementor-widget elementor-widget-icon_box_3\" data-id=\"50be3fb\" data-element_type=\"widget\" data-widget_type=\"icon_box_3.default\">\n\t\t\t\t<div class=\"elementor-widget-container\">\n\t\t\t\t\t\t\t<a href=\"\" target=\"_blank\" rel=\"nofollow\"  class=\"ahura_element_icon_box_3\">\n\t\t\t<div class=\"icon\"><i class=\"fas fa-chart-line\"><\/i><\/div>\n\t\t\t<span class=\"title\">3. Ganhe pontos com base no seu volume de neg\u00f3cios e participando do curso Smart Forex.<\/span>\n\t\t<\/a>\n\t\t\t\t\t\t<\/div>\n\t\t\t\t<\/div>\n\t\t\t\t<div class=\"elementor-element elementor-element-d9efb22 elementor-widget elementor-widget-icon_box_3\" data-id=\"d9efb22\" data-element_type=\"widget\" data-widget_type=\"icon_box_3.default\">\n\t\t\t\t<div class=\"elementor-widget-container\">\n\t\t\t\t\t\t\t<a href=\"\" target=\"_blank\" rel=\"nofollow\"  class=\"ahura_element_icon_box_3\">\n\t\t\t<div class=\"icon\"><i class=\"far fa-money-bill-alt\"><\/i><\/div>\n\t\t\t<span class=\"title\">4. Todos os traders qualificados e participantes do curso Smart Forex receber\u00e3o presentes e produtos da xChief.<\/span>\n\t\t<\/a>\n\t\t\t\t\t\t<\/div>\n\t\t\t\t<\/div>\n\t\t\t\t<div class=\"elementor-element elementor-element-9b86fb2 elementor-widget elementor-widget-spacer\" data-id=\"9b86fb2\" data-element_type=\"widget\" data-widget_type=\"spacer.default\">\n\t\t\t\t<div class=\"elementor-widget-container\">\n\t\t\t\t\t\t\t<div class=\"elementor-spacer\">\n\t\t\t<div class=\"elementor-spacer-inner\"><\/div>\n\t\t<\/div>\n\t\t\t\t\t\t<\/div>\n\t\t\t\t<\/div>\n\t\t\t\t<div class=\"elementor-element elementor-element-8964206 elementor-widget elementor-widget-heading\" data-id=\"8964206\" data-element_type=\"widget\" data-widget_type=\"heading.default\">\n\t\t\t\t<div class=\"elementor-widget-container\">\n\t\t\t\t\t<h2 class=\"elementor-heading-title elementor-size-default\">Termos e condi\u00e7\u00f5es<\/h2>\t\t\t\t<\/div>\n\t\t\t\t<\/div>\n\t\t\t\t<div class=\"elementor-element elementor-element-1574eaa elementor-widget elementor-widget-heading\" data-id=\"1574eaa\" data-element_type=\"widget\" data-widget_type=\"heading.default\">\n\t\t\t\t<div class=\"elementor-widget-container\">\n\t\t\t\t\t<h2 class=\"elementor-heading-title elementor-size-default\">1. O trader deve concluir pelo menos 70% do curso de treinamento Smart Forex.<\/h2>\t\t\t\t<\/div>\n\t\t\t\t<\/div>\n\t\t\t\t<div class=\"elementor-element elementor-element-1508ad1 elementor-widget elementor-widget-heading\" data-id=\"1508ad1\" data-element_type=\"widget\" data-widget_type=\"heading.default\">\n\t\t\t\t<div class=\"elementor-widget-container\">\n\t\t\t\t\t<h2 class=\"elementor-heading-title elementor-size-default\">2. O trader deve participar de todos os testes ao longo do curso e obter os pontos necess\u00e1rios.<\/h2>\t\t\t\t<\/div>\n\t\t\t\t<\/div>\n\t\t\t\t<div class=\"elementor-element elementor-element-cddb322 elementor-widget elementor-widget-heading\" data-id=\"cddb322\" data-element_type=\"widget\" data-widget_type=\"heading.default\">\n\t\t\t\t<div class=\"elementor-widget-container\">\n\t\t\t\t\t<h2 class=\"elementor-heading-title elementor-size-default\">3. O trader deve ter um lucro n\u00e3o inferior a 10% em sua conta de negocia\u00e7\u00e3o com a xChief.<\/h2>\t\t\t\t<\/div>\n\t\t\t\t<\/div>\n\t\t\t\t<div class=\"elementor-element elementor-element-6c1e1bf elementor-widget elementor-widget-heading\" data-id=\"6c1e1bf\" data-element_type=\"widget\" data-widget_type=\"heading.default\">\n\t\t\t\t<div class=\"elementor-widget-container\">\n\t\t\t\t\t<h2 class=\"elementor-heading-title elementor-size-default\">Exemplo: Se um trader depositar $ 100 em sua conta de negocia\u00e7\u00e3o xChief, o saldo de sua conta dever\u00e1 ser de pelo menos $ 110 no final do curso, representando um lucro de pelo menos 10%.<\/h2>\t\t\t\t<\/div>\n\t\t\t\t<\/div>\n\t\t\t\t<div class=\"elementor-element elementor-element-f836698 elementor-widget elementor-widget-heading\" data-id=\"f836698\" data-element_type=\"widget\" data-widget_type=\"heading.default\">\n\t\t\t\t<div class=\"elementor-widget-container\">\n\t\t\t\t\t<h2 class=\"elementor-heading-title elementor-size-default\">4. O Drawdown da conta de negocia\u00e7\u00e3o do trader n\u00e3o deve exceder 30%.<\/h2>\t\t\t\t<\/div>\n\t\t\t\t<\/div>\n\t\t\t\t<div class=\"elementor-element elementor-element-248f054 elementor-widget elementor-widget-heading\" data-id=\"248f054\" data-element_type=\"widget\" data-widget_type=\"heading.default\">\n\t\t\t\t<div class=\"elementor-widget-container\">\n\t\t\t\t\t<h2 class=\"elementor-heading-title elementor-size-default\">5. No final do curso, a xChief premiar\u00e1 todos os traders que cumprirem as condi\u00e7\u00f5es acima com presentes e mercadorias.<\/h2>\t\t\t\t<\/div>\n\t\t\t\t<\/div>\n\t\t\t\t<div class=\"elementor-element elementor-element-f8dc882 elementor-widget elementor-widget-spacer\" data-id=\"f8dc882\" data-element_type=\"widget\" data-widget_type=\"spacer.default\">\n\t\t\t\t<div class=\"elementor-widget-container\">\n\t\t\t\t\t\t\t<div class=\"elementor-spacer\">\n\t\t\t<div class=\"elementor-spacer-inner\"><\/div>\n\t\t<\/div>\n\t\t\t\t\t\t<\/div>\n\t\t\t\t<\/div>\n\t\t\t\t<div class=\"elementor-element elementor-element-a8dc015 elementor-align-center elementor-widget elementor-widget-button\" data-id=\"a8dc015\" data-element_type=\"widget\" data-widget_type=\"button.default\">\n\t\t\t\t<div class=\"elementor-widget-container\">\n\t\t\t\t\t\t\t\t\t<div class=\"elementor-button-wrapper\">\n\t\t\t\t\t<a class=\"elementor-button elementor-button-link elementor-size-lg\" href=\"https:\/\/mychief.cloud\/pt-pt\/login\/?url=\/fa\/bonuses-credits\/souvenirs\/\" target=\"_blank\" rel=\"noopener\">\n\t\t\t\t\t\t<span class=\"elementor-button-content-wrapper\">\n\t\t\t\t\t\t\t\t\t<span class=\"elementor-button-text\">Participe agora!<\/span>\n\t\t\t\t\t<\/span>\n\t\t\t\t\t<\/a>\n\t\t\t\t<\/div>\n\t\t\t\t\t\t\t\t<\/div>\n\t\t\t\t<\/div>\n\t\t\t\t\t<\/div>\n\t\t<\/div>\n\t\t\t\t\t<\/div>\n\t\t<\/section>\n\t\t\t\t<\/div>\n\t\t","protected":false},"excerpt":{"rendered":"<p>Oferecemos Macbooks, iPhones, iPads, AirPods, Apple Watches, bon\u00e9s, camisetas, flashdisks, canecas e outros produtos para traders ativos da xChief e participantes do curso Smart Forex! | 1. Registre-se no curso&#8230;<\/p>\n","protected":false},"author":0,"featured_media":0,"parent":0,"menu_order":0,"comment_status":"closed","ping_status":"closed","template":"","meta":{"_acf_changed":false,"inline_featured_image":false,"footnotes":""},"categories":[],"tags":[],"class_list":["post-20536","page","type-page","status-publish","hentry"],"acf":[],"_links":{"self":[{"href":"https:\/\/xchief.academy\/pt-pt\/wp-json\/wp\/v2\/pages\/20536","targetHints":{"allow":["GET"]}}],"collection":[{"href":"https:\/\/xchief.academy\/pt-pt\/wp-json\/wp\/v2\/pages"}],"about":[{"href":"https:\/\/xchief.academy\/pt-pt\/wp-json\/wp\/v2\/types\/page"}],"replies":[{"embeddable":true,"href":"https:\/\/xchief.academy\/pt-pt\/wp-json\/wp\/v2\/comments?post=20536"}],"version-history":[{"count":4,"href":"https:\/\/xchief.academy\/pt-pt\/wp-json\/wp\/v2\/pages\/20536\/revisions"}],"predecessor-version":[{"id":20546,"href":"https:\/\/xchief.academy\/pt-pt\/wp-json\/wp\/v2\/pages\/20536\/revisions\/20546"}],"wp:attachment":[{"href":"https:\/\/xchief.academy\/pt-pt\/wp-json\/wp\/v2\/media?parent=20536"}],"wp:term":[{"taxonomy":"category","embeddable":true,"href":"https:\/\/xchief.academy\/pt-pt\/wp-json\/wp\/v2\/categories?post=20536"},{"taxonomy":"post_tag","embeddable":true,"href":"https:\/\/xchief.academy\/pt-pt\/wp-json\/wp\/v2\/tags?post=20536"}],"curies":[{"name":"wp","href":"https:\/\/api.w.org\/{rel}","templated":true}]}}