{"id":20531,"date":"2023-08-22T08:54:37","date_gmt":"2023-08-22T05:24:37","guid":{"rendered":"https:\/\/xchief.academy\/concurso-de-trading-gold-whale-fundo-de-premio-de-5-000\/"},"modified":"2024-09-29T03:27:34","modified_gmt":"2024-09-28T23:57:34","slug":"concurso-de-trading-gold-whale-fundo-de-premio-de-5-000","status":"publish","type":"page","link":"https:\/\/xchief.academy\/pt-pt\/concurso-de-trading-gold-whale-fundo-de-premio-de-5-000\/","title":{"rendered":"Concurso de Trading Gold Whale \u2013 Fundo de pr\u00eamio de $ 5.000"},"content":{"rendered":"\t\t<div data-elementor-type=\"wp-page\" data-elementor-id=\"20531\" class=\"elementor elementor-20531 elementor-4461\" data-elementor-post-type=\"page\">\n\t\t\t\t\t\t<section class=\"elementor-section elementor-top-section elementor-element elementor-element-12b9d7f elementor-section-boxed elementor-section-height-default elementor-section-height-default\" data-id=\"12b9d7f\" data-element_type=\"section\">\n\t\t\t\t\t\t<div class=\"elementor-container elementor-column-gap-default\">\n\t\t\t\t\t<div class=\"elementor-column elementor-col-100 elementor-top-column elementor-element elementor-element-b60ce61\" data-id=\"b60ce61\" data-element_type=\"column\" data-settings=\"{&quot;background_background&quot;:&quot;classic&quot;}\">\n\t\t\t<div class=\"elementor-widget-wrap elementor-element-populated\">\n\t\t\t\t\t\t<div class=\"elementor-element elementor-element-902fb46 elementor-widget elementor-widget-image\" data-id=\"902fb46\" data-element_type=\"widget\" data-widget_type=\"image.default\">\n\t\t\t\t<div class=\"elementor-widget-container\">\n\t\t\t\t\t\t\t\t\t\t\t\t\t\t\t<img fetchpriority=\"high\" decoding=\"async\" width=\"860\" height=\"484\" src=\"https:\/\/xchief.academy\/wp-content\/uploads\/2024\/02\/ezgif.com-jpg-to-webp-converter-10.webp\" class=\"attachment-large size-large wp-image-6468\" alt=\"\" srcset=\"https:\/\/xchief.academy\/wp-content\/uploads\/2024\/02\/ezgif.com-jpg-to-webp-converter-10.webp 860w, https:\/\/xchief.academy\/wp-content\/uploads\/2024\/02\/ezgif.com-jpg-to-webp-converter-10-300x169.webp 300w, https:\/\/xchief.academy\/wp-content\/uploads\/2024\/02\/ezgif.com-jpg-to-webp-converter-10-768x432.webp 768w, https:\/\/xchief.academy\/wp-content\/uploads\/2024\/02\/ezgif.com-jpg-to-webp-converter-10-600x338.webp 600w\" sizes=\"(max-width: 860px) 100vw, 860px\" \/>\t\t\t\t\t\t\t\t\t\t\t\t\t\t\t<\/div>\n\t\t\t\t<\/div>\n\t\t\t\t<div class=\"elementor-element elementor-element-769ecea elementor-widget elementor-widget-heading\" data-id=\"769ecea\" data-element_type=\"widget\" data-widget_type=\"heading.default\">\n\t\t\t\t<div class=\"elementor-widget-container\">\n\t\t\t\t\t<h2 class=\"elementor-heading-title elementor-size-default\">O 'Gold Whale' \u00e9 um concurso de negocia\u00e7\u00e3o mensal onde os competidores t\u00eam a chance de ganhar uma parte dos pr\u00eamios em dinheiro real totalizando $ 5.000.<\/h2>\t\t\t\t<\/div>\n\t\t\t\t<\/div>\n\t\t\t\t<div class=\"elementor-element elementor-element-ab32469 elementor-widget elementor-widget-timeline\" data-id=\"ab32469\" data-element_type=\"widget\" data-widget_type=\"timeline.default\">\n\t\t\t\t<div class=\"elementor-widget-container\">\n\t\t\t\t\t            <div class=\"timeline-wrap\">\n                <div class=\"timeline\">\n                    <ul class=\"timeline-list\">\n                                                    <li class=\"timeline-item elementor-repeater-item-123311e clearfix\">\n                                                                    <div class=\"timeline-info\">\n                                        <h3 class=\"timeline-title\">Prize fund of $5000 <\/h3>\n                                    <\/div>\n                                                                <div class=\"timeline-marker\"><\/div>\n                                <div class=\"timeline-content\">\n                                    <div class=\"timeline-text\">Trade to win real cash prizes!<\/div>\n                                <\/div>\n                            <\/li>\n                                                    <li class=\"timeline-item elementor-repeater-item-623af1b clearfix\">\n                                                                    <div class=\"timeline-info\">\n                                        <h3 class=\"timeline-title\">20 winners, 20 prizes<\/h3>\n                                    <\/div>\n                                                                <div class=\"timeline-marker\"><\/div>\n                                <div class=\"timeline-content\">\n                                    <div class=\"timeline-text\">Each winner gets a portion of the prize fund; up to $1000 for the Gold Whale!<\/div>\n                                <\/div>\n                            <\/li>\n                                                    <li class=\"timeline-item elementor-repeater-item-67aad02 clearfix\">\n                                                                    <div class=\"timeline-info\">\n                                        <h3 class=\"timeline-title\">Choose your strategy <\/h3>\n                                    <\/div>\n                                                                <div class=\"timeline-marker\"><\/div>\n                                <div class=\"timeline-content\">\n                                    <div class=\"timeline-text\">Any trading strategies and robots\/EA are allowed.<\/div>\n                                <\/div>\n                            <\/li>\n                                                    <li class=\"timeline-item elementor-repeater-item-a839595 clearfix\">\n                                                                    <div class=\"timeline-info\">\n                                        <h3 class=\"timeline-title\">Instant withdrawal <\/h3>\n                                    <\/div>\n                                                                <div class=\"timeline-marker\"><\/div>\n                                <div class=\"timeline-content\">\n                                    <div class=\"timeline-text\">Prize money can be withdrawn immediately without restriction.\t<\/div>\n                                <\/div>\n                            <\/li>\n                                                    <li class=\"timeline-item elementor-repeater-item-d5cad23 clearfix\">\n                                                                    <div class=\"timeline-info\">\n                                        <h3 class=\"timeline-title\">What you win, you keep <\/h3>\n                                    <\/div>\n                                                                <div class=\"timeline-marker\"><\/div>\n                                <div class=\"timeline-content\">\n                                    <div class=\"timeline-text\">You can quit the contest at any time and withdraw your account balance, including any profit, at your leisure<\/div>\n                                <\/div>\n                            <\/li>\n                                                    <li class=\"timeline-item elementor-repeater-item-be62018 clearfix\">\n                                                                    <div class=\"timeline-info\">\n                                        <h3 class=\"timeline-title\">Participate again <\/h3>\n                                    <\/div>\n                                                                <div class=\"timeline-marker\"><\/div>\n                                <div class=\"timeline-content\">\n                                    <div class=\"timeline-text\">Competitors can exit and re-enter the competition at leisure during the competition. However, exiting and re-entering will nullify any previous competition entries.<\/div>\n                                <\/div>\n                            <\/li>\n                                            <\/ul>\n                <\/div>\n            <\/div>\n        \t\t\t\t<\/div>\n\t\t\t\t<\/div>\n\t\t\t\t<div class=\"elementor-element elementor-element-6bf2ab1 elementor-widget elementor-widget-TypeWriter\" data-id=\"6bf2ab1\" data-element_type=\"widget\" data-widget_type=\"TypeWriter.default\">\n\t\t\t\t<div class=\"elementor-widget-container\">\n\t\t\t\t\t        <div class=\"typewriter-box-center\">\n            <span class=\"typewriter-fixed\"><\/span>\n                        <div class=\"typewriter typewriter-6bf2ab1\">\n                <span class=\"Typewriter__wrapper Typewriter__wrapper-6bf2ab1\" data-period=\"2500\" data-text='[\"How to participate\"]'><\/span>\n                <span class=\"Typewriter__cursor\">|<\/span>\n            <\/div>\n            <script type=\"text\/javascript\">\n                jQuery(document).ready(function () {\n                    ahura_typewriter('Typewriter__wrapper-6bf2ab1');\n                });\n            <\/script>\n        <\/div>\n    \t\t\t\t<\/div>\n\t\t\t\t<\/div>\n\t\t\t\t<div class=\"elementor-element elementor-element-7c3256c elementor-widget elementor-widget-icon_box_3\" data-id=\"7c3256c\" data-element_type=\"widget\" data-widget_type=\"icon_box_3.default\">\n\t\t\t\t<div class=\"elementor-widget-container\">\n\t\t\t\t\t\t\t<a href=\"\" target=\"_blank\" rel=\"nofollow\"  class=\"ahura_element_icon_box_3\">\n\t\t\t<div class=\"icon\"><i class=\"fas fa-sign-in-alt\"><\/i><\/div>\n\t\t\t<span class=\"title\">1. Sign up and open a Standard Account<\/span>\n\t\t<\/a>\n\t\t\t\t\t\t<\/div>\n\t\t\t\t<\/div>\n\t\t\t\t<div class=\"elementor-element elementor-element-20ebaa6 elementor-widget elementor-widget-icon_box_3\" data-id=\"20ebaa6\" data-element_type=\"widget\" data-widget_type=\"icon_box_3.default\">\n\t\t\t\t<div class=\"elementor-widget-container\">\n\t\t\t\t\t\t\t<a href=\"\" target=\"_blank\" rel=\"nofollow\"  class=\"ahura_element_icon_box_3\">\n\t\t\t<div class=\"icon\"><i class=\"fas fa-charging-station\"><\/i><\/div>\n\t\t\t<span class=\"title\">2. Top up your account and start trading <\/span>\n\t\t<\/a>\n\t\t\t\t\t\t<\/div>\n\t\t\t\t<\/div>\n\t\t\t\t<div class=\"elementor-element elementor-element-5740341 elementor-widget elementor-widget-icon_box_3\" data-id=\"5740341\" data-element_type=\"widget\" data-widget_type=\"icon_box_3.default\">\n\t\t\t\t<div class=\"elementor-widget-container\">\n\t\t\t\t\t\t\t<a href=\"\" target=\"_blank\" rel=\"nofollow\"  class=\"ahura_element_icon_box_3\">\n\t\t\t<div class=\"icon\"><i class=\"fas fa-chart-line\"><\/i><\/div>\n\t\t\t<span class=\"title\">3. Gain maximum return<\/span>\n\t\t<\/a>\n\t\t\t\t\t\t<\/div>\n\t\t\t\t<\/div>\n\t\t\t\t<div class=\"elementor-element elementor-element-8d97b7f elementor-widget elementor-widget-icon_box_3\" data-id=\"8d97b7f\" data-element_type=\"widget\" data-widget_type=\"icon_box_3.default\">\n\t\t\t\t<div class=\"elementor-widget-container\">\n\t\t\t\t\t\t\t<a href=\"\" target=\"_blank\" rel=\"nofollow\"  class=\"ahura_element_icon_box_3\">\n\t\t\t<div class=\"icon\"><i class=\"far fa-money-bill-alt\"><\/i><\/div>\n\t\t\t<span class=\"title\"> 4. Win and claim your reward!<\/span>\n\t\t<\/a>\n\t\t\t\t\t\t<\/div>\n\t\t\t\t<\/div>\n\t\t\t\t<div class=\"elementor-element elementor-element-c25c463 elementor-widget elementor-widget-spacer\" data-id=\"c25c463\" data-element_type=\"widget\" data-widget_type=\"spacer.default\">\n\t\t\t\t<div class=\"elementor-widget-container\">\n\t\t\t\t\t\t\t<div class=\"elementor-spacer\">\n\t\t\t<div class=\"elementor-spacer-inner\"><\/div>\n\t\t<\/div>\n\t\t\t\t\t\t<\/div>\n\t\t\t\t<\/div>\n\t\t\t\t<div class=\"elementor-element elementor-element-4d56600 elementor-widget elementor-widget-heading\" data-id=\"4d56600\" data-element_type=\"widget\" data-widget_type=\"heading.default\">\n\t\t\t\t<div class=\"elementor-widget-container\">\n\t\t\t\t\t<h2 class=\"elementor-heading-title elementor-size-default\">Termos e condi\u00e7\u00f5es<\/h2>\t\t\t\t<\/div>\n\t\t\t\t<\/div>\n\t\t\t\t<div class=\"elementor-element elementor-element-50a0dbb elementor-widget elementor-widget-heading\" data-id=\"50a0dbb\" data-element_type=\"widget\" data-widget_type=\"heading.default\">\n\t\t\t\t<div class=\"elementor-widget-container\">\n\t\t\t\t\t<h2 class=\"elementor-heading-title elementor-size-default\">1. Para participar do concurso, voc\u00ea deve abrir uma conta ativa ou usar uma conta existente que atenda aos seguintes requisitos:<\/h2>\t\t\t\t<\/div>\n\t\t\t\t<\/div>\n\t\t\t\t<div class=\"elementor-element elementor-element-dea56be elementor-icon-list--layout-traditional elementor-list-item-link-full_width elementor-widget elementor-widget-icon-list\" data-id=\"dea56be\" data-element_type=\"widget\" data-widget_type=\"icon-list.default\">\n\t\t\t\t<div class=\"elementor-widget-container\">\n\t\t\t\t\t\t\t<ul class=\"elementor-icon-list-items\">\n\t\t\t\t\t\t\t<li class=\"elementor-icon-list-item\">\n\t\t\t\t\t\t\t\t\t\t\t<span class=\"elementor-icon-list-icon\">\n\t\t\t\t\t\t\t<i aria-hidden=\"true\" class=\"fas fa-check\"><\/i>\t\t\t\t\t\t<\/span>\n\t\t\t\t\t\t\t\t\t\t<span class=\"elementor-icon-list-text\">Tipo de conta: MT4.DirectFX ou MT4.Classic+;<\/span>\n\t\t\t\t\t\t\t\t\t<\/li>\n\t\t\t\t\t\t\t\t<li class=\"elementor-icon-list-item\">\n\t\t\t\t\t\t\t\t\t\t\t<span class=\"elementor-icon-list-icon\">\n\t\t\t\t\t\t\t<i aria-hidden=\"true\" class=\"fas fa-check\"><\/i>\t\t\t\t\t\t<\/span>\n\t\t\t\t\t\t\t\t\t\t<span class=\"elementor-icon-list-text\">Moeda da conta: USD;<\/span>\n\t\t\t\t\t\t\t\t\t<\/li>\n\t\t\t\t\t\t\t\t<li class=\"elementor-icon-list-item\">\n\t\t\t\t\t\t\t\t\t\t\t<span class=\"elementor-icon-list-icon\">\n\t\t\t\t\t\t\t<i aria-hidden=\"true\" class=\"fas fa-check\"><\/i>\t\t\t\t\t\t<\/span>\n\t\t\t\t\t\t\t\t\t\t<span class=\"elementor-icon-list-text\"> Nova conta sem hist\u00f3rico de negocia\u00e7\u00e3o;<\/span>\n\t\t\t\t\t\t\t\t\t<\/li>\n\t\t\t\t\t\t\t\t<li class=\"elementor-icon-list-item\">\n\t\t\t\t\t\t\t\t\t\t\t<span class=\"elementor-icon-list-icon\">\n\t\t\t\t\t\t\t<i aria-hidden=\"true\" class=\"fas fa-check\"><\/i>\t\t\t\t\t\t<\/span>\n\t\t\t\t\t\t\t\t\t\t<span class=\"elementor-icon-list-text\"> A conta n\u00e3o deve incluir nenhum cr\u00e9dito de negocia\u00e7\u00e3o ativo, B\u00f4nus de Boas-Vindas e\/ou B\u00f4nus Sem Dep\u00f3sito.<\/span>\n\t\t\t\t\t\t\t\t\t<\/li>\n\t\t\t\t\t\t\t\t<li class=\"elementor-icon-list-item\">\n\t\t\t\t\t\t\t\t\t\t\t<span class=\"elementor-icon-list-icon\">\n\t\t\t\t\t\t\t<i aria-hidden=\"true\" class=\"fas fa-check\"><\/i>\t\t\t\t\t\t<\/span>\n\t\t\t\t\t\t\t\t\t\t<span class=\"elementor-icon-list-text\">Para participar do concurso, voc\u00ea deve recarregar sua conta com $ 100.<\/span>\n\t\t\t\t\t\t\t\t\t<\/li>\n\t\t\t\t\t\t<\/ul>\n\t\t\t\t\t\t<\/div>\n\t\t\t\t<\/div>\n\t\t\t\t<div class=\"elementor-element elementor-element-ab07376 elementor-widget elementor-widget-heading\" data-id=\"ab07376\" data-element_type=\"widget\" data-widget_type=\"heading.default\">\n\t\t\t\t<div class=\"elementor-widget-container\">\n\t\t\t\t\t<h2 class=\"elementor-heading-title elementor-size-default\">2. Voc\u00ea pode participar do concurso apenas com uma conta de negocia\u00e7\u00e3o por vez. A xChief tem o direito de desqualificar os participantes que se registrarem e negociarem com mais de uma conta ao mesmo tempo. <\/h2>\t\t\t\t<\/div>\n\t\t\t\t<\/div>\n\t\t\t\t<div class=\"elementor-element elementor-element-7db2c50 elementor-widget elementor-widget-heading\" data-id=\"7db2c50\" data-element_type=\"widget\" data-widget_type=\"heading.default\">\n\t\t\t\t<div class=\"elementor-widget-container\">\n\t\t\t\t\t<h2 class=\"elementor-heading-title elementor-size-default\">3. Voc\u00ea pode participar do concurso novamente com outra conta, mas somente ap\u00f3s remover todas as outras contas do concurso.<\/h2>\t\t\t\t<\/div>\n\t\t\t\t<\/div>\n\t\t\t\t<div class=\"elementor-element elementor-element-be0edaa elementor-widget elementor-widget-heading\" data-id=\"be0edaa\" data-element_type=\"widget\" data-widget_type=\"heading.default\">\n\t\t\t\t<div class=\"elementor-widget-container\">\n\t\t\t\t\t<h2 class=\"elementor-heading-title elementor-size-default\">4. Voc\u00ea pode depositar ou sacar da conta do concurso durante o per\u00edodo do concurso sem nenhuma restri\u00e7\u00e3o.<\/h2>\t\t\t\t<\/div>\n\t\t\t\t<\/div>\n\t\t\t\t<div class=\"elementor-element elementor-element-133f207 elementor-widget elementor-widget-heading\" data-id=\"133f207\" data-element_type=\"widget\" data-widget_type=\"heading.default\">\n\t\t\t\t<div class=\"elementor-widget-container\">\n\t\t\t\t\t<h2 class=\"elementor-heading-title elementor-size-default\">5. Voc\u00ea pode negociar quaisquer instrumentos dispon\u00edveis e usar qualquer estrat\u00e9gia e rob\u00f4s\/EA.<\/h2>\t\t\t\t<\/div>\n\t\t\t\t<\/div>\n\t\t\t\t<div class=\"elementor-element elementor-element-2f45510 elementor-widget elementor-widget-heading\" data-id=\"2f45510\" data-element_type=\"widget\" data-widget_type=\"heading.default\">\n\t\t\t\t<div class=\"elementor-widget-container\">\n\t\t\t\t\t<h2 class=\"elementor-heading-title elementor-size-default\">6. F\u00f3rmula vencedora: Retorno = (Lucro l\u00edquido \/ Soma dos dep\u00f3sitos) x 100<\/h2>\t\t\t\t<\/div>\n\t\t\t\t<\/div>\n\t\t\t\t<div class=\"elementor-element elementor-element-1e63761 elementor-widget elementor-widget-heading\" data-id=\"1e63761\" data-element_type=\"widget\" data-widget_type=\"heading.default\">\n\t\t\t\t<div class=\"elementor-widget-container\">\n\t\t\t\t\t<h2 class=\"elementor-heading-title elementor-size-default\"> \u2022 Lucro l\u00edquido: lucros e perdas realizados e n\u00e3o realizados;<\/h2>\t\t\t\t<\/div>\n\t\t\t\t<\/div>\n\t\t\t\t<div class=\"elementor-element elementor-element-f6bda38 elementor-widget elementor-widget-heading\" data-id=\"f6bda38\" data-element_type=\"widget\" data-widget_type=\"heading.default\">\n\t\t\t\t<div class=\"elementor-widget-container\">\n\t\t\t\t\t<h2 class=\"elementor-heading-title elementor-size-default\">\u2022 Soma dos dep\u00f3sitos: o valor total dos dep\u00f3sitos durante o per\u00edodo do concurso;<\/h2>\t\t\t\t<\/div>\n\t\t\t\t<\/div>\n\t\t\t\t<div class=\"elementor-element elementor-element-e379ed9 elementor-widget elementor-widget-heading\" data-id=\"e379ed9\" data-element_type=\"widget\" data-widget_type=\"heading.default\">\n\t\t\t\t<div class=\"elementor-widget-container\">\n\t\t\t\t\t<h2 class=\"elementor-heading-title elementor-size-default\">\u2022 Os vencedores s\u00e3o aqueles com o maior retorno;<\/h2>\t\t\t\t<\/div>\n\t\t\t\t<\/div>\n\t\t\t\t<div class=\"elementor-element elementor-element-fc2a128 elementor-widget elementor-widget-heading\" data-id=\"fc2a128\" data-element_type=\"widget\" data-widget_type=\"heading.default\">\n\t\t\t\t<div class=\"elementor-widget-container\">\n\t\t\t\t\t<h2 class=\"elementor-heading-title elementor-size-default\">7. Os vencedores recebem os seguintes pr\u00eamios:<\/h2>\t\t\t\t<\/div>\n\t\t\t\t<\/div>\n\t\t\t\t<div class=\"elementor-element elementor-element-ceb2901 elementor-widget elementor-widget-heading\" data-id=\"ceb2901\" data-element_type=\"widget\" data-widget_type=\"heading.default\">\n\t\t\t\t<div class=\"elementor-widget-container\">\n\t\t\t\t\t<h2 class=\"elementor-heading-title elementor-size-default\">1\u00ba lugar = $ 1.000 + Pacote xChief Gold + Escudo honor\u00e1rio<\/h2>\t\t\t\t<\/div>\n\t\t\t\t<\/div>\n\t\t\t\t<div class=\"elementor-element elementor-element-8c5fa3e elementor-widget elementor-widget-heading\" data-id=\"8c5fa3e\" data-element_type=\"widget\" data-widget_type=\"heading.default\">\n\t\t\t\t<div class=\"elementor-widget-container\">\n\t\t\t\t\t<h2 class=\"elementor-heading-title elementor-size-default\">2\u00ba lugar = $ 750 + Pacote xChief Gold + Escudo honor\u00e1rio<\/h2>\t\t\t\t<\/div>\n\t\t\t\t<\/div>\n\t\t\t\t<div class=\"elementor-element elementor-element-b4233c1 elementor-widget elementor-widget-heading\" data-id=\"b4233c1\" data-element_type=\"widget\" data-widget_type=\"heading.default\">\n\t\t\t\t<div class=\"elementor-widget-container\">\n\t\t\t\t\t<h2 class=\"elementor-heading-title elementor-size-default\">3\u00ba lugar = $ 500 + Pacote xChief Gold + Escudo honor\u00e1rio<\/h2>\t\t\t\t<\/div>\n\t\t\t\t<\/div>\n\t\t\t\t<div class=\"elementor-element elementor-element-46a2e0f elementor-widget elementor-widget-heading\" data-id=\"46a2e0f\" data-element_type=\"widget\" data-widget_type=\"heading.default\">\n\t\t\t\t<div class=\"elementor-widget-container\">\n\t\t\t\t\t<h2 class=\"elementor-heading-title elementor-size-default\">4\u00ba ao 10\u00ba lugar = $ 250 + Pacote xChief Gold + Certificado de reconhecimento<\/h2>\t\t\t\t<\/div>\n\t\t\t\t<\/div>\n\t\t\t\t<div class=\"elementor-element elementor-element-3941046 elementor-widget elementor-widget-heading\" data-id=\"3941046\" data-element_type=\"widget\" data-widget_type=\"heading.default\">\n\t\t\t\t<div class=\"elementor-widget-container\">\n\t\t\t\t\t<h2 class=\"elementor-heading-title elementor-size-default\">11\u00ba ao 20\u00ba lugar = $ 100 + Pacote xChief Gold + Certificado de reconhecimento<\/h2>\t\t\t\t<\/div>\n\t\t\t\t<\/div>\n\t\t\t\t<div class=\"elementor-element elementor-element-8ad5518 elementor-widget elementor-widget-heading\" data-id=\"8ad5518\" data-element_type=\"widget\" data-widget_type=\"heading.default\">\n\t\t\t\t<div class=\"elementor-widget-container\">\n\t\t\t\t\t<h2 class=\"elementor-heading-title elementor-size-default\">8. Para participar, voc\u00ea deve fazer pelo menos 10 transa\u00e7\u00f5es. xChief reserva-se o direito de desqualificar um participante se esta condi\u00e7\u00e3o n\u00e3o for cumprida. <\/h2>\t\t\t\t<\/div>\n\t\t\t\t<\/div>\n\t\t\t\t<div class=\"elementor-element elementor-element-b5034a7 elementor-widget elementor-widget-heading\" data-id=\"b5034a7\" data-element_type=\"widget\" data-widget_type=\"heading.default\">\n\t\t\t\t<div class=\"elementor-widget-container\">\n\t\t\t\t\t<h2 class=\"elementor-heading-title elementor-size-default\">9. Voc\u00ea n\u00e3o pode proteger posi\u00e7\u00f5es abertas na conta do concurso usando outras contas de negocia\u00e7\u00e3o (abertas com xChief ou outras corretoras).<\/h2>\t\t\t\t<\/div>\n\t\t\t\t<\/div>\n\t\t\t\t<div class=\"elementor-element elementor-element-437ffb5 elementor-widget elementor-widget-heading\" data-id=\"437ffb5\" data-element_type=\"widget\" data-widget_type=\"heading.default\">\n\t\t\t\t<div class=\"elementor-widget-container\">\n\t\t\t\t\t<h2 class=\"elementor-heading-title elementor-size-default\">10. Aten\u00e7\u00e3o! Ao participar do concurso, voc\u00ea concorda com o direito da xChief de exclu\u00ed-lo do concurso a qualquer momento, sem dar uma raz\u00e3o. <\/h2>\t\t\t\t<\/div>\n\t\t\t\t<\/div>\n\t\t\t\t<div class=\"elementor-element elementor-element-fd771ca elementor-widget elementor-widget-spacer\" data-id=\"fd771ca\" data-element_type=\"widget\" data-widget_type=\"spacer.default\">\n\t\t\t\t<div class=\"elementor-widget-container\">\n\t\t\t\t\t\t\t<div class=\"elementor-spacer\">\n\t\t\t<div class=\"elementor-spacer-inner\"><\/div>\n\t\t<\/div>\n\t\t\t\t\t\t<\/div>\n\t\t\t\t<\/div>\n\t\t\t\t<div class=\"elementor-element elementor-element-3ad5dba elementor-align-center elementor-widget elementor-widget-button\" data-id=\"3ad5dba\" data-element_type=\"widget\" data-widget_type=\"button.default\">\n\t\t\t\t<div class=\"elementor-widget-container\">\n\t\t\t\t\t\t\t\t\t<div class=\"elementor-button-wrapper\">\n\t\t\t\t\t<a class=\"elementor-button elementor-button-link elementor-size-lg\" href=\"https:\/\/mychief.cloud\/pt-pt\/contests\/whale\/\" target=\"_blank\" rel=\"noopener\">\n\t\t\t\t\t\t<span class=\"elementor-button-content-wrapper\">\n\t\t\t\t\t\t\t\t\t<span class=\"elementor-button-text\">Participar<\/span>\n\t\t\t\t\t<\/span>\n\t\t\t\t\t<\/a>\n\t\t\t\t<\/div>\n\t\t\t\t\t\t\t\t<\/div>\n\t\t\t\t<\/div>\n\t\t\t\t\t<\/div>\n\t\t<\/div>\n\t\t\t\t\t<\/div>\n\t\t<\/section>\n\t\t\t\t<\/div>\n\t\t","protected":false},"excerpt":{"rendered":"<p>O &#8216;Gold Whale&#8217; \u00e9 um concurso de negocia\u00e7\u00e3o mensal onde os competidores t\u00eam a chance de ganhar uma parte dos pr\u00eamios em dinheiro real totalizando $ 5.000. Prize fund of&#8230;<\/p>\n","protected":false},"author":0,"featured_media":0,"parent":0,"menu_order":0,"comment_status":"closed","ping_status":"closed","template":"","meta":{"_acf_changed":false,"inline_featured_image":false,"footnotes":""},"categories":[],"tags":[],"class_list":["post-20531","page","type-page","status-publish","hentry"],"acf":[],"_links":{"self":[{"href":"https:\/\/xchief.academy\/pt-pt\/wp-json\/wp\/v2\/pages\/20531","targetHints":{"allow":["GET"]}}],"collection":[{"href":"https:\/\/xchief.academy\/pt-pt\/wp-json\/wp\/v2\/pages"}],"about":[{"href":"https:\/\/xchief.academy\/pt-pt\/wp-json\/wp\/v2\/types\/page"}],"replies":[{"embeddable":true,"href":"https:\/\/xchief.academy\/pt-pt\/wp-json\/wp\/v2\/comments?post=20531"}],"version-history":[{"count":1,"href":"https:\/\/xchief.academy\/pt-pt\/wp-json\/wp\/v2\/pages\/20531\/revisions"}],"predecessor-version":[{"id":20535,"href":"https:\/\/xchief.academy\/pt-pt\/wp-json\/wp\/v2\/pages\/20531\/revisions\/20535"}],"wp:attachment":[{"href":"https:\/\/xchief.academy\/pt-pt\/wp-json\/wp\/v2\/media?parent=20531"}],"wp:term":[{"taxonomy":"category","embeddable":true,"href":"https:\/\/xchief.academy\/pt-pt\/wp-json\/wp\/v2\/categories?post=20531"},{"taxonomy":"post_tag","embeddable":true,"href":"https:\/\/xchief.academy\/pt-pt\/wp-json\/wp\/v2\/tags?post=20531"}],"curies":[{"name":"wp","href":"https:\/\/api.w.org\/{rel}","templated":true}]}}