{"id":20505,"date":"2023-12-20T08:54:25","date_gmt":"2023-12-20T05:24:25","guid":{"rendered":"https:\/\/xchief.academy\/traders-club\/"},"modified":"2024-09-28T21:07:03","modified_gmt":"2024-09-28T17:37:03","slug":"traders-club","status":"publish","type":"page","link":"https:\/\/xchief.academy\/pt-pt\/traders-club\/","title":{"rendered":"Traders Club"},"content":{"rendered":"\t\t<div data-elementor-type=\"wp-page\" data-elementor-id=\"20505\" class=\"elementor elementor-20505 elementor-5095\" data-elementor-post-type=\"page\">\n\t\t\t\t\t\t<section class=\"elementor-section elementor-top-section elementor-element elementor-element-1f1e3ac elementor-section-boxed elementor-section-height-default elementor-section-height-default\" data-id=\"1f1e3ac\" data-element_type=\"section\">\n\t\t\t\t\t\t<div class=\"elementor-container elementor-column-gap-default\">\n\t\t\t\t\t<div class=\"elementor-column elementor-col-100 elementor-top-column elementor-element elementor-element-5772f40\" data-id=\"5772f40\" data-element_type=\"column\">\n\t\t\t<div class=\"elementor-widget-wrap elementor-element-populated\">\n\t\t\t\t\t\t<div class=\"elementor-element elementor-element-454579e elementor-widget elementor-widget-image\" data-id=\"454579e\" data-element_type=\"widget\" data-widget_type=\"image.default\">\n\t\t\t\t<div class=\"elementor-widget-container\">\n\t\t\t\t\t\t\t\t\t\t\t\t\t\t\t<img fetchpriority=\"high\" decoding=\"async\" width=\"1024\" height=\"595\" src=\"https:\/\/xchief.academy\/wp-content\/uploads\/2024\/02\/ezgif.com-jpg-to-webp-converter-8-1024x595.webp\" class=\"attachment-large size-large wp-image-6453\" alt=\"\" srcset=\"https:\/\/xchief.academy\/wp-content\/uploads\/2024\/02\/ezgif.com-jpg-to-webp-converter-8-1024x595.webp 1024w, https:\/\/xchief.academy\/wp-content\/uploads\/2024\/02\/ezgif.com-jpg-to-webp-converter-8-300x174.webp 300w, https:\/\/xchief.academy\/wp-content\/uploads\/2024\/02\/ezgif.com-jpg-to-webp-converter-8-768x447.webp 768w, https:\/\/xchief.academy\/wp-content\/uploads\/2024\/02\/ezgif.com-jpg-to-webp-converter-8-1536x893.webp 1536w, https:\/\/xchief.academy\/wp-content\/uploads\/2024\/02\/ezgif.com-jpg-to-webp-converter-8-600x349.webp 600w, https:\/\/xchief.academy\/wp-content\/uploads\/2024\/02\/ezgif.com-jpg-to-webp-converter-8.webp 1720w\" sizes=\"(max-width: 1024px) 100vw, 1024px\" \/>\t\t\t\t\t\t\t\t\t\t\t\t\t\t\t<\/div>\n\t\t\t\t<\/div>\n\t\t\t\t<div class=\"elementor-element elementor-element-4a79e86 elementor-widget elementor-widget-heading\" data-id=\"4a79e86\" data-element_type=\"widget\" data-widget_type=\"heading.default\">\n\t\t\t\t<div class=\"elementor-widget-container\">\n\t\t\t\t\t<p class=\"elementor-heading-title elementor-size-default\">O mercado Forex \u00e9 o maior mercado financeiro do mundo, tendo atra\u00eddo muitos entusiastas e investidores nas \u00faltimas duas d\u00e9cadas. Para novos investidores, o Forex pode parecer uma verdadeira mina de ouro. No entanto, alcan\u00e7ar o sucesso na negocia\u00e7\u00e3o Forex requer um conjunto diversificado de habilidades e um profundo entendimento de v\u00e1rios t\u00f3picos, que a maioria dos iniciantes n\u00e3o tem. Na verdade, qualquer trader novato deve se fazer pelo menos as seguintes perguntas:   <\/p>\t\t\t\t<\/div>\n\t\t\t\t<\/div>\n\t\t\t\t<div class=\"elementor-element elementor-element-cd2e78c elementor-widget elementor-widget-text-editor\" data-id=\"cd2e78c\" data-element_type=\"widget\" data-widget_type=\"text-editor.default\">\n\t\t\t\t<div class=\"elementor-widget-container\">\n\t\t\t\t\t\t\t\t\t<ul>\n<li>&#8220;Como posso desenvolver uma estrat\u00e9gia de negocia\u00e7\u00e3o bem-sucedida?&#8221;<\/li>\n<li>&#8220;Como posso ter certeza de que obtenho lucros consistentes, apesar das mudan\u00e7as nas condi\u00e7\u00f5es de mercado?&#8221;<\/li>\n<li>&#8220;Onde posso aprender mais sobre negocia\u00e7\u00e3o?&#8221;<\/li>\n<li>&#8220;Onde posso encontrar um mentor para me orientar nas estrat\u00e9gias de negocia\u00e7\u00e3o, gerenciamento de risco e cultivo da mentalidade correta?&#8221;<\/li>\n<\/ul>\n\t\t\t\t\t\t\t\t<\/div>\n\t\t\t\t<\/div>\n\t\t\t\t<div class=\"elementor-element elementor-element-6b57d54 elementor-widget elementor-widget-heading\" data-id=\"6b57d54\" data-element_type=\"widget\" data-widget_type=\"heading.default\">\n\t\t\t\t<div class=\"elementor-widget-container\">\n\t\t\t\t\t<p class=\"elementor-heading-title elementor-size-default\">Para abordar essas quest\u00f5es, criamos o Traders Club em colabora\u00e7\u00e3o com o grupo Chartical, que tem mais de 20 anos de experi\u00eancia em educa\u00e7\u00e3o de negocia\u00e7\u00e3o de alta qualidade e desenvolvimento de software de negocia\u00e7\u00e3o. Ao se tornar um membro do Traders Club, voc\u00ea se beneficiar\u00e1 de v\u00e1rios servi\u00e7os exclusivos, como mentoria, educa\u00e7\u00e3o de mentalidade, suporte de colegas e Chartical Software Trading Systems - tudo de gra\u00e7a e sem restri\u00e7\u00f5es! Para mais informa\u00e7\u00f5es e para se juntar ao \"Traders Club\", assista aos v\u00eddeos educacionais abaixo:   <\/p>\t\t\t\t<\/div>\n\t\t\t\t<\/div>\n\t\t\t\t\t<\/div>\n\t\t<\/div>\n\t\t\t\t\t<\/div>\n\t\t<\/section>\n\t\t\t\t<section class=\"elementor-section elementor-top-section elementor-element elementor-element-73415d5 elementor-section-boxed elementor-section-height-default elementor-section-height-default\" data-id=\"73415d5\" data-element_type=\"section\" data-settings=\"{&quot;background_background&quot;:&quot;gradient&quot;}\">\n\t\t\t\t\t\t<div class=\"elementor-container elementor-column-gap-default\">\n\t\t\t\t\t<div class=\"elementor-column elementor-col-50 elementor-top-column elementor-element elementor-element-e55bb7b\" data-id=\"e55bb7b\" data-element_type=\"column\">\n\t\t\t<div class=\"elementor-widget-wrap elementor-element-populated\">\n\t\t\t\t\t\t<div class=\"elementor-element elementor-element-7d63f6e elementor-widget elementor-widget-image\" data-id=\"7d63f6e\" data-element_type=\"widget\" data-widget_type=\"image.default\">\n\t\t\t\t<div class=\"elementor-widget-container\">\n\t\t\t\t\t\t\t\t\t\t\t\t\t\t\t<img decoding=\"async\" width=\"640\" height=\"640\" src=\"https:\/\/xchief.academy\/wp-content\/uploads\/2024\/02\/ezgif.com-jpg-to-webp-converter-9.webp\" class=\"attachment-large size-large wp-image-6459\" alt=\"\" srcset=\"https:\/\/xchief.academy\/wp-content\/uploads\/2024\/02\/ezgif.com-jpg-to-webp-converter-9.webp 640w, https:\/\/xchief.academy\/wp-content\/uploads\/2024\/02\/ezgif.com-jpg-to-webp-converter-9-300x300.webp 300w, https:\/\/xchief.academy\/wp-content\/uploads\/2024\/02\/ezgif.com-jpg-to-webp-converter-9-150x150.webp 150w, https:\/\/xchief.academy\/wp-content\/uploads\/2024\/02\/ezgif.com-jpg-to-webp-converter-9-250x250.webp 250w, https:\/\/xchief.academy\/wp-content\/uploads\/2024\/02\/ezgif.com-jpg-to-webp-converter-9-100x100.webp 100w, https:\/\/xchief.academy\/wp-content\/uploads\/2024\/02\/ezgif.com-jpg-to-webp-converter-9-600x600.webp 600w\" sizes=\"(max-width: 640px) 100vw, 640px\" \/>\t\t\t\t\t\t\t\t\t\t\t\t\t\t\t<\/div>\n\t\t\t\t<\/div>\n\t\t\t\t\t<\/div>\n\t\t<\/div>\n\t\t\t\t<div class=\"elementor-column elementor-col-50 elementor-top-column elementor-element elementor-element-db512c8\" data-id=\"db512c8\" data-element_type=\"column\">\n\t\t\t<div class=\"elementor-widget-wrap elementor-element-populated\">\n\t\t\t\t\t\t<div class=\"elementor-element elementor-element-6fcac99 elementor-widget__width-initial elementor-widget elementor-widget-heading\" data-id=\"6fcac99\" data-element_type=\"widget\" data-widget_type=\"heading.default\">\n\t\t\t\t<div class=\"elementor-widget-container\">\n\t\t\t\t\t<p class=\"elementor-heading-title elementor-size-default\">Ahmadreza Jabal Aamili \u00e9 um dos pioneiros dos mercados financeiros no Ir\u00e3, com 20 anos de experi\u00eancia em negocia\u00e7\u00e3o e ensino. Por meio de anos de tentativa e erro, experimentando v\u00e1rios m\u00e9todos de an\u00e1lise t\u00e9cnica e indicadores, ele concluiu que as abordagens financeiras tradicionais por si s\u00f3 n\u00e3o eram suficientes para o sucesso. Em vez disso, ele descobriu que o sucesso depende, em \u00faltima an\u00e1lise, do dom\u00ednio da a\u00e7\u00e3o do pre\u00e7o \u2014 uma percep\u00e7\u00e3o a que chegou ap\u00f3s cinco anos de estudo extensivo. Armado com insights mais profundos e pesquisa acad\u00eamica, o professor Jabal Aamili come\u00e7ou a oferecer treinamento gratuito ap\u00f3s uma d\u00e9cada nos mercados financeiros. Nos \u00faltimos nove anos, ele tem transmitido m\u00e9todos de negocia\u00e7\u00e3o fundamentais e eficazes aos alunos. Inicialmente apelidado de \"Sentimental\", seu m\u00e9todo de negocia\u00e7\u00e3o passou por uma transforma\u00e7\u00e3o e agora \u00e9 conhecido como \"Chartical\". Hoje, o \"Chartical\" se destaca como uma institui\u00e7\u00e3o de primeira linha para o desenvolvimento de habilidades de negocia\u00e7\u00e3o e software de negocia\u00e7\u00e3o especializado globalmente, hospedando mais de 120 horas de sess\u00f5es de coaching online mensalmente.      <\/p>\t\t\t\t<\/div>\n\t\t\t\t<\/div>\n\t\t\t\t\t<\/div>\n\t\t<\/div>\n\t\t\t\t\t<\/div>\n\t\t<\/section>\n\t\t\t\t<section class=\"elementor-section elementor-top-section elementor-element elementor-element-4ba11ca elementor-section-boxed elementor-section-height-default elementor-section-height-default\" data-id=\"4ba11ca\" data-element_type=\"section\">\n\t\t\t\t\t\t<div class=\"elementor-container elementor-column-gap-default\">\n\t\t\t\t\t<div class=\"elementor-column elementor-col-100 elementor-top-column elementor-element elementor-element-e11906d\" data-id=\"e11906d\" data-element_type=\"column\">\n\t\t\t<div class=\"elementor-widget-wrap elementor-element-populated\">\n\t\t\t\t\t\t<div class=\"elementor-element elementor-element-c4a7c6d elementor-widget elementor-widget-spacer\" data-id=\"c4a7c6d\" data-element_type=\"widget\" data-widget_type=\"spacer.default\">\n\t\t\t\t<div class=\"elementor-widget-container\">\n\t\t\t\t\t\t\t<div class=\"elementor-spacer\">\n\t\t\t<div class=\"elementor-spacer-inner\"><\/div>\n\t\t<\/div>\n\t\t\t\t\t\t<\/div>\n\t\t\t\t<\/div>\n\t\t\t\t\t<\/div>\n\t\t<\/div>\n\t\t\t\t\t<\/div>\n\t\t<\/section>\n\t\t\t\t<section class=\"elementor-section elementor-top-section elementor-element elementor-element-4bf0fd8 elementor-section-boxed elementor-section-height-default elementor-section-height-default\" data-id=\"4bf0fd8\" data-element_type=\"section\">\n\t\t\t\t\t\t<div class=\"elementor-container elementor-column-gap-default\">\n\t\t\t\t\t<div class=\"elementor-column elementor-col-100 elementor-top-column elementor-element elementor-element-2925226\" data-id=\"2925226\" data-element_type=\"column\">\n\t\t\t<div class=\"elementor-widget-wrap elementor-element-populated\">\n\t\t\t\t\t\t<div class=\"elementor-element elementor-element-cb3c14f elementor-widget elementor-widget-heading\" data-id=\"cb3c14f\" data-element_type=\"widget\" data-widget_type=\"heading.default\">\n\t\t\t\t<div class=\"elementor-widget-container\">\n\t\t\t\t\t<h2 class=\"elementor-heading-title elementor-size-default\">V\u00eddeos educacionais<\/h2>\t\t\t\t<\/div>\n\t\t\t\t<\/div>\n\t\t\t\t<div class=\"elementor-element elementor-element-a915ffd elementor-widget elementor-widget-shortcode\" data-id=\"a915ffd\" data-element_type=\"widget\" data-widget_type=\"shortcode.default\">\n\t\t\t\t<div class=\"elementor-widget-container\">\n\t\t\t\t\t\t\t<div class=\"elementor-shortcode\">        <div class=\"parsplayer parsplayer-skin-default parsplayer-loading\">\r\n            <div class=\"parsplayer-video\">        <video id=\"pars-player-69731149\" class=\"video-js vjs-default-skin vjs-big-play-centered vjs-gradient-bottom intrinsic-ignore vjs-poster-cover vjs-add-shadow vjs-add-border-radius vjs-pic-in-pic\" webkit-playsinline disableRemotePlayback preload=\"metadata\" width=\"640\" height=\"264\" controls>\r\n\t\t<source src=\"https:\/\/dl.xchief.academy\/video\/traders-club\/1.mp4\" label=\"\" type=\"video\/mp4\" \/>        <p class=\"vjs-no-js\">To view this video please enable JavaScript, and consider upgrading to a web browser that <a href=\"http:\/\/videojs.com\/html5-video-support\/\" target=\"_blank\" rel=\"noopener\">supports HTML5 video<\/a><\/p>\r\n        <\/video>\r\n\t\t<\/div>\r\n        <\/div>\r\n\t\t<\/div>\n\t\t\t\t\t\t<\/div>\n\t\t\t\t<\/div>\n\t\t\t\t<div class=\"elementor-element elementor-element-f1394aa elementor-widget elementor-widget-spacer\" data-id=\"f1394aa\" data-element_type=\"widget\" data-widget_type=\"spacer.default\">\n\t\t\t\t<div class=\"elementor-widget-container\">\n\t\t\t\t\t\t\t<div class=\"elementor-spacer\">\n\t\t\t<div class=\"elementor-spacer-inner\"><\/div>\n\t\t<\/div>\n\t\t\t\t\t\t<\/div>\n\t\t\t\t<\/div>\n\t\t\t\t<div class=\"elementor-element elementor-element-49b1e9c elementor-widget elementor-widget-shortcode\" data-id=\"49b1e9c\" data-element_type=\"widget\" data-widget_type=\"shortcode.default\">\n\t\t\t\t<div class=\"elementor-widget-container\">\n\t\t\t\t\t\t\t<div class=\"elementor-shortcode\">        <div class=\"parsplayer parsplayer-skin-default parsplayer-loading\">\r\n            <div class=\"parsplayer-video\">        <video id=\"pars-player-71294668\" class=\"video-js vjs-default-skin vjs-big-play-centered vjs-gradient-bottom intrinsic-ignore vjs-poster-cover vjs-add-shadow vjs-add-border-radius vjs-pic-in-pic\" webkit-playsinline disableRemotePlayback preload=\"metadata\" width=\"640\" height=\"264\" controls>\r\n\t\t<source src=\"https:\/\/dl.xchief.academy\/video\/traders-club\/2.mp4\" label=\"\" type=\"video\/mp4\" \/>        <p class=\"vjs-no-js\">To view this video please enable JavaScript, and consider upgrading to a web browser that <a href=\"http:\/\/videojs.com\/html5-video-support\/\" target=\"_blank\" rel=\"noopener\">supports HTML5 video<\/a><\/p>\r\n        <\/video>\r\n\t\t<\/div>\r\n        <\/div>\r\n\t\t<\/div>\n\t\t\t\t\t\t<\/div>\n\t\t\t\t<\/div>\n\t\t\t\t\t<\/div>\n\t\t<\/div>\n\t\t\t\t\t<\/div>\n\t\t<\/section>\n\t\t\t\t<\/div>\n\t\t","protected":false},"excerpt":{"rendered":"<p>O mercado Forex \u00e9 o maior mercado financeiro do mundo, tendo atra\u00eddo muitos entusiastas e investidores nas \u00faltimas duas d\u00e9cadas. Para novos investidores, o Forex pode parecer uma verdadeira mina&#8230;<\/p>\n","protected":false},"author":0,"featured_media":0,"parent":0,"menu_order":0,"comment_status":"closed","ping_status":"closed","template":"","meta":{"_acf_changed":false,"inline_featured_image":false,"footnotes":""},"categories":[],"tags":[],"class_list":["post-20505","page","type-page","status-publish","hentry"],"acf":[],"_links":{"self":[{"href":"https:\/\/xchief.academy\/pt-pt\/wp-json\/wp\/v2\/pages\/20505","targetHints":{"allow":["GET"]}}],"collection":[{"href":"https:\/\/xchief.academy\/pt-pt\/wp-json\/wp\/v2\/pages"}],"about":[{"href":"https:\/\/xchief.academy\/pt-pt\/wp-json\/wp\/v2\/types\/page"}],"replies":[{"embeddable":true,"href":"https:\/\/xchief.academy\/pt-pt\/wp-json\/wp\/v2\/comments?post=20505"}],"version-history":[{"count":1,"href":"https:\/\/xchief.academy\/pt-pt\/wp-json\/wp\/v2\/pages\/20505\/revisions"}],"predecessor-version":[{"id":20510,"href":"https:\/\/xchief.academy\/pt-pt\/wp-json\/wp\/v2\/pages\/20505\/revisions\/20510"}],"wp:attachment":[{"href":"https:\/\/xchief.academy\/pt-pt\/wp-json\/wp\/v2\/media?parent=20505"}],"wp:term":[{"taxonomy":"category","embeddable":true,"href":"https:\/\/xchief.academy\/pt-pt\/wp-json\/wp\/v2\/categories?post=20505"},{"taxonomy":"post_tag","embeddable":true,"href":"https:\/\/xchief.academy\/pt-pt\/wp-json\/wp\/v2\/tags?post=20505"}],"curies":[{"name":"wp","href":"https:\/\/api.w.org\/{rel}","templated":true}]}}