{"id":20374,"date":"2023-08-14T11:59:02","date_gmt":"2023-08-14T08:29:02","guid":{"rendered":"https:\/\/xchief.academy\/sobre-a-academia\/"},"modified":"2024-09-26T02:37:04","modified_gmt":"2024-09-25T23:07:04","slug":"sobre-a-academia","status":"publish","type":"page","link":"https:\/\/xchief.academy\/pt-pt\/sobre-a-academia\/","title":{"rendered":"Sobre a Academia"},"content":{"rendered":"\t\t<div data-elementor-type=\"wp-page\" data-elementor-id=\"20374\" class=\"elementor elementor-20374 elementor-4456\" data-elementor-post-type=\"page\">\n\t\t\t\t\t\t<section class=\"elementor-section elementor-top-section elementor-element elementor-element-1c3bfc9 elementor-section-boxed elementor-section-height-default elementor-section-height-default\" data-id=\"1c3bfc9\" data-element_type=\"section\">\n\t\t\t\t\t\t<div class=\"elementor-container elementor-column-gap-default\">\n\t\t\t\t\t<div class=\"elementor-column elementor-col-100 elementor-top-column elementor-element elementor-element-e159327\" data-id=\"e159327\" data-element_type=\"column\" data-settings=\"{&quot;background_background&quot;:&quot;classic&quot;}\">\n\t\t\t<div class=\"elementor-widget-wrap elementor-element-populated\">\n\t\t\t\t\t\t<div class=\"elementor-element elementor-element-7cecfd3 elementor-widget elementor-widget-image\" data-id=\"7cecfd3\" data-element_type=\"widget\" data-widget_type=\"image.default\">\n\t\t\t\t<div class=\"elementor-widget-container\">\n\t\t\t\t\t\t\t\t\t\t\t\t\t\t\t<img fetchpriority=\"high\" decoding=\"async\" width=\"1024\" height=\"576\" src=\"https:\/\/xchief.academy\/wp-content\/uploads\/2024\/03\/ezgif.com-jpg-to-webp-converter-16-1024x576.webp\" class=\"attachment-large size-large wp-image-6855\" alt=\"\" srcset=\"https:\/\/xchief.academy\/wp-content\/uploads\/2024\/03\/ezgif.com-jpg-to-webp-converter-16-1024x576.webp 1024w, https:\/\/xchief.academy\/wp-content\/uploads\/2024\/03\/ezgif.com-jpg-to-webp-converter-16-300x169.webp 300w, https:\/\/xchief.academy\/wp-content\/uploads\/2024\/03\/ezgif.com-jpg-to-webp-converter-16-768x432.webp 768w, https:\/\/xchief.academy\/wp-content\/uploads\/2024\/03\/ezgif.com-jpg-to-webp-converter-16-1536x864.webp 1536w, https:\/\/xchief.academy\/wp-content\/uploads\/2024\/03\/ezgif.com-jpg-to-webp-converter-16.webp 1920w\" sizes=\"(max-width: 1024px) 100vw, 1024px\" \/>\t\t\t\t\t\t\t\t\t\t\t\t\t\t\t<\/div>\n\t\t\t\t<\/div>\n\t\t\t\t<div class=\"elementor-element elementor-element-b76f879 elementor-widget elementor-widget-spacer\" data-id=\"b76f879\" data-element_type=\"widget\" data-widget_type=\"spacer.default\">\n\t\t\t\t<div class=\"elementor-widget-container\">\n\t\t\t\t\t\t\t<div class=\"elementor-spacer\">\n\t\t\t<div class=\"elementor-spacer-inner\"><\/div>\n\t\t<\/div>\n\t\t\t\t\t\t<\/div>\n\t\t\t\t<\/div>\n\t\t\t\t<div class=\"elementor-element elementor-element-ea4a27e elementor-widget elementor-widget-heading\" data-id=\"ea4a27e\" data-element_type=\"widget\" data-widget_type=\"heading.default\">\n\t\t\t\t<div class=\"elementor-widget-container\">\n\t\t\t\t\t<h1 class=\"elementor-heading-title elementor-size-default\">Sobre a Academia<\/h1>\t\t\t\t<\/div>\n\t\t\t\t<\/div>\n\t\t\t\t<div class=\"elementor-element elementor-element-f4a0185 elementor-widget elementor-widget-heading\" data-id=\"f4a0185\" data-element_type=\"widget\" data-widget_type=\"heading.default\">\n\t\t\t\t<div class=\"elementor-widget-container\">\n\t\t\t\t\t<p class=\"elementor-heading-title elementor-size-default\">A xChief Academy iniciou suas opera\u00e7\u00f5es em 2022 com o objetivo de aprimorar o conhecimento dos traders para atender aos padr\u00f5es globais. Como um centro educacional respeitado em Forex, a xChief Academy oferece not\u00edcias, an\u00e1lises, artigos, v\u00eddeos, cursos de treinamento e recomenda\u00e7\u00f5es de negocia\u00e7\u00e3o, capacitando os traders a aumentar seu conhecimento de negocia\u00e7\u00e3o e lucratividade nos mercados financeiros. <\/p>\t\t\t\t<\/div>\n\t\t\t\t<\/div>\n\t\t\t\t<div class=\"elementor-element elementor-element-fdab042 elementor-widget elementor-widget-heading\" data-id=\"fdab042\" data-element_type=\"widget\" data-widget_type=\"heading.default\">\n\t\t\t\t<div class=\"elementor-widget-container\">\n\t\t\t\t\t<h2 class=\"elementor-heading-title elementor-size-default\">Nossa equipe<\/h2>\t\t\t\t<\/div>\n\t\t\t\t<\/div>\n\t\t\t\t<div class=\"elementor-element elementor-element-0c5c9bc elementor-widget elementor-widget-heading\" data-id=\"0c5c9bc\" data-element_type=\"widget\" data-widget_type=\"heading.default\">\n\t\t\t\t<div class=\"elementor-widget-container\">\n\t\t\t\t\t<p class=\"elementor-heading-title elementor-size-default\">A xChief Academy fornece uma plataforma de aprendizado segura que abrange todos os aspectos do Forex, do n\u00edvel iniciante ao avan\u00e7ado. Nossa equipe experiente e profissional conta com os melhores instrutores com anos de experi\u00eancia em treinamento profissional e utiliza os m\u00e9todos de treinamento mais recentes. Atualizando constantemente nosso conte\u00fado educacional principal, nossa equipe auxilia os traders a negociar profissional e lucrativamente no mercado Forex por meio de educa\u00e7\u00e3o e mentoria de alta qualidade.  <\/p>\t\t\t\t<\/div>\n\t\t\t\t<\/div>\n\t\t\t\t<div class=\"elementor-element elementor-element-34a4fa3 elementor-widget elementor-widget-heading\" data-id=\"34a4fa3\" data-element_type=\"widget\" data-widget_type=\"heading.default\">\n\t\t\t\t<div class=\"elementor-widget-container\">\n\t\t\t\t\t<h2 class=\"elementor-heading-title elementor-size-default\"> Nosso objetivo <\/h2>\t\t\t\t<\/div>\n\t\t\t\t<\/div>\n\t\t\t\t<div class=\"elementor-element elementor-element-f8b1f12 elementor-widget elementor-widget-heading\" data-id=\"f8b1f12\" data-element_type=\"widget\" data-widget_type=\"heading.default\">\n\t\t\t\t<div class=\"elementor-widget-container\">\n\t\t\t\t\t<p class=\"elementor-heading-title elementor-size-default\">O sucesso nos mercados financeiros depende de uma compreens\u00e3o fundamental dos conceitos e fundamentos do mercado, juntamente com a dedica\u00e7\u00e3o a esses princ\u00edpios. Nosso objetivo \u00e9 simplificar a negocia\u00e7\u00e3o e transmitir conceitos b\u00e1sicos e avan\u00e7ados aos traders, permitindo que eles alcancem uma lucratividade est\u00e1vel enquanto protegem seu capital de riscos potenciais. Para garantir que atingimos essa meta, nos dedicamos a produzir conte\u00fado educacional e anal\u00edtico abrangente e preciso usando m\u00e9todos atualizados que atendem \u00e0s necessidades di\u00e1rias dos traders. Al\u00e9m disso, interagimos com nossos clientes diariamente e avaliamos ativamente seu progresso, o que ajuda os traders a navegar pelos mercados de forma eficaz e maximizar os lucros.    <\/p>\t\t\t\t<\/div>\n\t\t\t\t<\/div>\n\t\t\t\t<div class=\"elementor-element elementor-element-1b108d4 elementor-widget elementor-widget-heading\" data-id=\"1b108d4\" data-element_type=\"widget\" data-widget_type=\"heading.default\">\n\t\t\t\t<div class=\"elementor-widget-container\">\n\t\t\t\t\t<h2 class=\"elementor-heading-title elementor-size-default\">Em conclus\u00e3o<\/h2>\t\t\t\t<\/div>\n\t\t\t\t<\/div>\n\t\t\t\t<div class=\"elementor-element elementor-element-e958034 elementor-widget elementor-widget-heading\" data-id=\"e958034\" data-element_type=\"widget\" data-widget_type=\"heading.default\">\n\t\t\t\t<div class=\"elementor-widget-container\">\n\t\t\t\t\t<p class=\"elementor-heading-title elementor-size-default\">O mercado Forex, um dos maiores mercados financeiros do mundo, atraiu v\u00e1rios entusiastas e investidores. No entanto, os traders lutam geralmente com a falta de recursos educacionais confi\u00e1veis e orienta\u00e7\u00e3o. Na xChief Academy, nos esfor\u00e7amos para ajudar os traders com nosso conhecimento e experi\u00eancia, capacitando-os a obter lucros consistentes neste mercado por meio de uma gest\u00e3o de capital s\u00f3lida.  <\/p>\t\t\t\t<\/div>\n\t\t\t\t<\/div>\n\t\t\t\t\t<\/div>\n\t\t<\/div>\n\t\t\t\t\t<\/div>\n\t\t<\/section>\n\t\t\t\t<\/div>\n\t\t","protected":false},"excerpt":{"rendered":"<p>Sobre a Academia A xChief Academy iniciou suas opera\u00e7\u00f5es em 2022 com o objetivo de aprimorar o conhecimento dos traders para atender aos padr\u00f5es globais. Como um centro educacional respeitado&#8230;<\/p>\n","protected":false},"author":0,"featured_media":0,"parent":0,"menu_order":0,"comment_status":"closed","ping_status":"closed","template":"elementor_header_footer","meta":{"_acf_changed":false,"inline_featured_image":false,"footnotes":""},"categories":[],"tags":[],"class_list":["post-20374","page","type-page","status-publish","hentry"],"acf":[],"_links":{"self":[{"href":"https:\/\/xchief.academy\/pt-pt\/wp-json\/wp\/v2\/pages\/20374","targetHints":{"allow":["GET"]}}],"collection":[{"href":"https:\/\/xchief.academy\/pt-pt\/wp-json\/wp\/v2\/pages"}],"about":[{"href":"https:\/\/xchief.academy\/pt-pt\/wp-json\/wp\/v2\/types\/page"}],"replies":[{"embeddable":true,"href":"https:\/\/xchief.academy\/pt-pt\/wp-json\/wp\/v2\/comments?post=20374"}],"version-history":[{"count":1,"href":"https:\/\/xchief.academy\/pt-pt\/wp-json\/wp\/v2\/pages\/20374\/revisions"}],"predecessor-version":[{"id":20387,"href":"https:\/\/xchief.academy\/pt-pt\/wp-json\/wp\/v2\/pages\/20374\/revisions\/20387"}],"wp:attachment":[{"href":"https:\/\/xchief.academy\/pt-pt\/wp-json\/wp\/v2\/media?parent=20374"}],"wp:term":[{"taxonomy":"category","embeddable":true,"href":"https:\/\/xchief.academy\/pt-pt\/wp-json\/wp\/v2\/categories?post=20374"},{"taxonomy":"post_tag","embeddable":true,"href":"https:\/\/xchief.academy\/pt-pt\/wp-json\/wp\/v2\/tags?post=20374"}],"curies":[{"name":"wp","href":"https:\/\/api.w.org\/{rel}","templated":true}]}}