{"id":20357,"date":"2023-08-22T08:54:37","date_gmt":"2023-08-22T05:24:37","guid":{"rendered":"https:\/\/xchief.academy\/concurso-de-trading-gold-whale-fondo-de-premios-de-5-000\/"},"modified":"2024-09-26T01:44:23","modified_gmt":"2024-09-25T22:14:23","slug":"concurso-de-trading-gold-whale-fondo-de-premios-de-5-000","status":"publish","type":"page","link":"https:\/\/xchief.academy\/es\/concurso-de-trading-gold-whale-fondo-de-premios-de-5-000\/","title":{"rendered":"Concurso de Trading Gold Whale\u2013 Fondo de Premios de $5.000"},"content":{"rendered":"\t\t<div data-elementor-type=\"wp-page\" data-elementor-id=\"20357\" class=\"elementor elementor-20357 elementor-1362\" data-elementor-post-type=\"page\">\n\t\t\t\t\t\t<section class=\"elementor-section elementor-top-section elementor-element elementor-element-12b9d7f elementor-section-boxed elementor-section-height-default elementor-section-height-default\" data-id=\"12b9d7f\" data-element_type=\"section\">\n\t\t\t\t\t\t<div class=\"elementor-container elementor-column-gap-default\">\n\t\t\t\t\t<div class=\"elementor-column elementor-col-100 elementor-top-column elementor-element elementor-element-b60ce61\" data-id=\"b60ce61\" data-element_type=\"column\" data-settings=\"{&quot;background_background&quot;:&quot;classic&quot;}\">\n\t\t\t<div class=\"elementor-widget-wrap elementor-element-populated\">\n\t\t\t\t\t\t<div class=\"elementor-element elementor-element-902fb46 elementor-widget elementor-widget-image\" data-id=\"902fb46\" data-element_type=\"widget\" data-widget_type=\"image.default\">\n\t\t\t\t<div class=\"elementor-widget-container\">\n\t\t\t\t\t\t\t\t\t\t\t\t\t\t\t<img fetchpriority=\"high\" decoding=\"async\" width=\"860\" height=\"484\" src=\"https:\/\/xchief.academy\/wp-content\/uploads\/2024\/02\/ezgif.com-jpg-to-webp-converter-10.webp\" class=\"attachment-large size-large wp-image-6466\" alt=\"\" srcset=\"https:\/\/xchief.academy\/wp-content\/uploads\/2024\/02\/ezgif.com-jpg-to-webp-converter-10.webp 860w, https:\/\/xchief.academy\/wp-content\/uploads\/2024\/02\/ezgif.com-jpg-to-webp-converter-10-300x169.webp 300w, https:\/\/xchief.academy\/wp-content\/uploads\/2024\/02\/ezgif.com-jpg-to-webp-converter-10-768x432.webp 768w, https:\/\/xchief.academy\/wp-content\/uploads\/2024\/02\/ezgif.com-jpg-to-webp-converter-10-600x338.webp 600w\" sizes=\"(max-width: 860px) 100vw, 860px\" \/>\t\t\t\t\t\t\t\t\t\t\t\t\t\t\t<\/div>\n\t\t\t\t<\/div>\n\t\t\t\t<div class=\"elementor-element elementor-element-769ecea elementor-widget elementor-widget-heading\" data-id=\"769ecea\" data-element_type=\"widget\" data-widget_type=\"heading.default\">\n\t\t\t\t<div class=\"elementor-widget-container\">\n\t\t\t\t\t<h2 class=\"elementor-heading-title elementor-size-default\">Gold Whale es un concurso de trading mensual en el que los participantes tienen la oportunidad de ganar una parte de premios en efectivo por un total de $5000.<\/h2>\t\t\t\t<\/div>\n\t\t\t\t<\/div>\n\t\t\t\t<div class=\"elementor-element elementor-element-ab32469 elementor-widget elementor-widget-timeline\" data-id=\"ab32469\" data-element_type=\"widget\" data-widget_type=\"timeline.default\">\n\t\t\t\t<div class=\"elementor-widget-container\">\n\t\t\t\t\t            <div class=\"timeline-wrap\">\n                <div class=\"timeline\">\n                    <ul class=\"timeline-list\">\n                                                    <li class=\"timeline-item elementor-repeater-item-123311e clearfix\">\n                                                                    <div class=\"timeline-info\">\n                                        <h3 class=\"timeline-title\">Fondo de premios de $5000<\/h3>\n                                    <\/div>\n                                                                <div class=\"timeline-marker\"><\/div>\n                                <div class=\"timeline-content\">\n                                    <div class=\"timeline-text\">Trade\u00e9 para ganar premios en efectivo!<\/div>\n                                <\/div>\n                            <\/li>\n                                                    <li class=\"timeline-item elementor-repeater-item-623af1b clearfix\">\n                                                                    <div class=\"timeline-info\">\n                                        <h3 class=\"timeline-title\">20 ganadores, 20 premios<\/h3>\n                                    <\/div>\n                                                                <div class=\"timeline-marker\"><\/div>\n                                <div class=\"timeline-content\">\n                                    <div class=\"timeline-text\">Cada ganador obtiene una parte del fondo de premios, hasta $1000 para la Ballena Dorada!<\/div>\n                                <\/div>\n                            <\/li>\n                                                    <li class=\"timeline-item elementor-repeater-item-67aad02 clearfix\">\n                                                                    <div class=\"timeline-info\">\n                                        <h3 class=\"timeline-title\">Elija su estrategia<\/h3>\n                                    <\/div>\n                                                                <div class=\"timeline-marker\"><\/div>\n                                <div class=\"timeline-content\">\n                                    <div class=\"timeline-text\">Se permite cualquier estrategia de trading y robots\/EA.<\/div>\n                                <\/div>\n                            <\/li>\n                                                    <li class=\"timeline-item elementor-repeater-item-a839595 clearfix\">\n                                                                    <div class=\"timeline-info\">\n                                        <h3 class=\"timeline-title\">Retiro instant\u00e1neo<\/h3>\n                                    <\/div>\n                                                                <div class=\"timeline-marker\"><\/div>\n                                <div class=\"timeline-content\">\n                                    <div class=\"timeline-text\">El premio en efectivo puede retirarse inmediatamente sin restricci\u00f3n.<\/div>\n                                <\/div>\n                            <\/li>\n                                                    <li class=\"timeline-item elementor-repeater-item-d5cad23 clearfix\">\n                                                                    <div class=\"timeline-info\">\n                                        <h3 class=\"timeline-title\">Lo que gana, se lo queda<\/h3>\n                                    <\/div>\n                                                                <div class=\"timeline-marker\"><\/div>\n                                <div class=\"timeline-content\">\n                                    <div class=\"timeline-text\">Puede abandonar el concurso en cualquier momento y retirar el saldo de su cuenta, incluidas las ganancias, cuando lo desee.<\/div>\n                                <\/div>\n                            <\/li>\n                                                    <li class=\"timeline-item elementor-repeater-item-be62018 clearfix\">\n                                                                    <div class=\"timeline-info\">\n                                        <h3 class=\"timeline-title\">Participe de nuevo<\/h3>\n                                    <\/div>\n                                                                <div class=\"timeline-marker\"><\/div>\n                                <div class=\"timeline-content\">\n                                    <div class=\"timeline-text\">Los concursantes pueden salir y volver a entrar a su antojo durante la competici\u00f3n. Sin embargo, salir y volver a entrar anular\u00e1 cualquier participaci\u00f3n anterior en el concurso.<\/div>\n                                <\/div>\n                            <\/li>\n                                            <\/ul>\n                <\/div>\n            <\/div>\n        \t\t\t\t<\/div>\n\t\t\t\t<\/div>\n\t\t\t\t<div class=\"elementor-element elementor-element-6bf2ab1 elementor-widget elementor-widget-TypeWriter\" data-id=\"6bf2ab1\" data-element_type=\"widget\" data-widget_type=\"TypeWriter.default\">\n\t\t\t\t<div class=\"elementor-widget-container\">\n\t\t\t\t\t        <div class=\"typewriter-box-center\">\n            <span class=\"typewriter-fixed\"><\/span>\n                        <div class=\"typewriter typewriter-6bf2ab1\">\n                <span class=\"Typewriter__wrapper Typewriter__wrapper-6bf2ab1\" data-period=\"2500\" data-text='[\"C\u00f3mo participar\"]'><\/span>\n                <span class=\"Typewriter__cursor\">|<\/span>\n            <\/div>\n            <script type=\"text\/javascript\">\n                jQuery(document).ready(function () {\n                    ahura_typewriter('Typewriter__wrapper-6bf2ab1');\n                });\n            <\/script>\n        <\/div>\n    \t\t\t\t<\/div>\n\t\t\t\t<\/div>\n\t\t\t\t<div class=\"elementor-element elementor-element-7c3256c elementor-widget elementor-widget-icon_box_3\" data-id=\"7c3256c\" data-element_type=\"widget\" data-widget_type=\"icon_box_3.default\">\n\t\t\t\t<div class=\"elementor-widget-container\">\n\t\t\t\t\t\t\t<a href=\"\" target=\"_blank\" rel=\"nofollow\"  class=\"ahura_element_icon_box_3\">\n\t\t\t<div class=\"icon\"><i class=\"fas fa-sign-in-alt\"><\/i><\/div>\n\t\t\t<span class=\"title\">1. Reg\u00edstrese y abra una cuenta est\u00e1ndar<\/span>\n\t\t<\/a>\n\t\t\t\t\t\t<\/div>\n\t\t\t\t<\/div>\n\t\t\t\t<div class=\"elementor-element elementor-element-20ebaa6 elementor-widget elementor-widget-icon_box_3\" data-id=\"20ebaa6\" data-element_type=\"widget\" data-widget_type=\"icon_box_3.default\">\n\t\t\t\t<div class=\"elementor-widget-container\">\n\t\t\t\t\t\t\t<a href=\"\" target=\"_blank\" rel=\"nofollow\"  class=\"ahura_element_icon_box_3\">\n\t\t\t<div class=\"icon\"><i class=\"fas fa-charging-station\"><\/i><\/div>\n\t\t\t<span class=\"title\">2. Deposite en su cuenta y comience a operar<\/span>\n\t\t<\/a>\n\t\t\t\t\t\t<\/div>\n\t\t\t\t<\/div>\n\t\t\t\t<div class=\"elementor-element elementor-element-5740341 elementor-widget elementor-widget-icon_box_3\" data-id=\"5740341\" data-element_type=\"widget\" data-widget_type=\"icon_box_3.default\">\n\t\t\t\t<div class=\"elementor-widget-container\">\n\t\t\t\t\t\t\t<a href=\"\" target=\"_blank\" rel=\"nofollow\"  class=\"ahura_element_icon_box_3\">\n\t\t\t<div class=\"icon\"><i class=\"fas fa-chart-line\"><\/i><\/div>\n\t\t\t<span class=\"title\">3. Obtenga la m\u00e1xima rentabilidad<\/span>\n\t\t<\/a>\n\t\t\t\t\t\t<\/div>\n\t\t\t\t<\/div>\n\t\t\t\t<div class=\"elementor-element elementor-element-8d97b7f elementor-widget elementor-widget-icon_box_3\" data-id=\"8d97b7f\" data-element_type=\"widget\" data-widget_type=\"icon_box_3.default\">\n\t\t\t\t<div class=\"elementor-widget-container\">\n\t\t\t\t\t\t\t<a href=\"\" target=\"_blank\" rel=\"nofollow\"  class=\"ahura_element_icon_box_3\">\n\t\t\t<div class=\"icon\"><i class=\"far fa-money-bill-alt\"><\/i><\/div>\n\t\t\t<span class=\"title\">4. \u00a1Gane y reclame su premio!<\/span>\n\t\t<\/a>\n\t\t\t\t\t\t<\/div>\n\t\t\t\t<\/div>\n\t\t\t\t<div class=\"elementor-element elementor-element-c25c463 elementor-widget elementor-widget-spacer\" data-id=\"c25c463\" data-element_type=\"widget\" data-widget_type=\"spacer.default\">\n\t\t\t\t<div class=\"elementor-widget-container\">\n\t\t\t\t\t\t\t<div class=\"elementor-spacer\">\n\t\t\t<div class=\"elementor-spacer-inner\"><\/div>\n\t\t<\/div>\n\t\t\t\t\t\t<\/div>\n\t\t\t\t<\/div>\n\t\t\t\t<div class=\"elementor-element elementor-element-4d56600 elementor-widget elementor-widget-heading\" data-id=\"4d56600\" data-element_type=\"widget\" data-widget_type=\"heading.default\">\n\t\t\t\t<div class=\"elementor-widget-container\">\n\t\t\t\t\t<h2 class=\"elementor-heading-title elementor-size-default\">T\u00e9rminos y Condiciones<\/h2>\t\t\t\t<\/div>\n\t\t\t\t<\/div>\n\t\t\t\t<div class=\"elementor-element elementor-element-50a0dbb elementor-widget elementor-widget-heading\" data-id=\"50a0dbb\" data-element_type=\"widget\" data-widget_type=\"heading.default\">\n\t\t\t\t<div class=\"elementor-widget-container\">\n\t\t\t\t\t<h2 class=\"elementor-heading-title elementor-size-default\">1.Para participar en el concurso, debe abrir una cuenta real o utilizar una cuenta existente que cumpla los siguientes requisitos:<\/h2>\t\t\t\t<\/div>\n\t\t\t\t<\/div>\n\t\t\t\t<div class=\"elementor-element elementor-element-dea56be elementor-icon-list--layout-traditional elementor-list-item-link-full_width elementor-widget elementor-widget-icon-list\" data-id=\"dea56be\" data-element_type=\"widget\" data-widget_type=\"icon-list.default\">\n\t\t\t\t<div class=\"elementor-widget-container\">\n\t\t\t\t\t\t\t<ul class=\"elementor-icon-list-items\">\n\t\t\t\t\t\t\t<li class=\"elementor-icon-list-item\">\n\t\t\t\t\t\t\t\t\t\t\t<span class=\"elementor-icon-list-icon\">\n\t\t\t\t\t\t\t<i aria-hidden=\"true\" class=\"fas fa-check\"><\/i>\t\t\t\t\t\t<\/span>\n\t\t\t\t\t\t\t\t\t\t<span class=\"elementor-icon-list-text\">Tipo de cuenta: MT4.DirectFX o MT4.Classic+; <\/span>\n\t\t\t\t\t\t\t\t\t<\/li>\n\t\t\t\t\t\t\t\t<li class=\"elementor-icon-list-item\">\n\t\t\t\t\t\t\t\t\t\t\t<span class=\"elementor-icon-list-icon\">\n\t\t\t\t\t\t\t<i aria-hidden=\"true\" class=\"fas fa-check\"><\/i>\t\t\t\t\t\t<\/span>\n\t\t\t\t\t\t\t\t\t\t<span class=\"elementor-icon-list-text\">Divisa de la cuenta: USD; <\/span>\n\t\t\t\t\t\t\t\t\t<\/li>\n\t\t\t\t\t\t\t\t<li class=\"elementor-icon-list-item\">\n\t\t\t\t\t\t\t\t\t\t\t<span class=\"elementor-icon-list-icon\">\n\t\t\t\t\t\t\t<i aria-hidden=\"true\" class=\"fas fa-check\"><\/i>\t\t\t\t\t\t<\/span>\n\t\t\t\t\t\t\t\t\t\t<span class=\"elementor-icon-list-text\">Cuenta nueva sin historial de trading;<\/span>\n\t\t\t\t\t\t\t\t\t<\/li>\n\t\t\t\t\t\t\t\t<li class=\"elementor-icon-list-item\">\n\t\t\t\t\t\t\t\t\t\t\t<span class=\"elementor-icon-list-icon\">\n\t\t\t\t\t\t\t<i aria-hidden=\"true\" class=\"fas fa-check\"><\/i>\t\t\t\t\t\t<\/span>\n\t\t\t\t\t\t\t\t\t\t<span class=\"elementor-icon-list-text\">La cuenta no debe incluir ning\u00fan cr\u00e9dito de trading activo, Bono de Bienvenida y\/o Bono sin Dep\u00f3sito.<\/span>\n\t\t\t\t\t\t\t\t\t<\/li>\n\t\t\t\t\t\t\t\t<li class=\"elementor-icon-list-item\">\n\t\t\t\t\t\t\t\t\t\t\t<span class=\"elementor-icon-list-icon\">\n\t\t\t\t\t\t\t<i aria-hidden=\"true\" class=\"fas fa-check\"><\/i>\t\t\t\t\t\t<\/span>\n\t\t\t\t\t\t\t\t\t\t<span class=\"elementor-icon-list-text\">Para participar en el concurso, debe depositar en su cuenta $100<\/span>\n\t\t\t\t\t\t\t\t\t<\/li>\n\t\t\t\t\t\t<\/ul>\n\t\t\t\t\t\t<\/div>\n\t\t\t\t<\/div>\n\t\t\t\t<div class=\"elementor-element elementor-element-ab07376 elementor-widget elementor-widget-heading\" data-id=\"ab07376\" data-element_type=\"widget\" data-widget_type=\"heading.default\">\n\t\t\t\t<div class=\"elementor-widget-container\">\n\t\t\t\t\t<h2 class=\"elementor-heading-title elementor-size-default\">2.S\u00f3lo puede participar en el concurso con una cuenta de trading en un momento dado. xChief se reserva el derecho de descalificar a los participantes que se registren y operen con m\u00e1s de una cuenta al mismo tiempo. <\/h2>\t\t\t\t<\/div>\n\t\t\t\t<\/div>\n\t\t\t\t<div class=\"elementor-element elementor-element-7db2c50 elementor-widget elementor-widget-heading\" data-id=\"7db2c50\" data-element_type=\"widget\" data-widget_type=\"heading.default\">\n\t\t\t\t<div class=\"elementor-widget-container\">\n\t\t\t\t\t<h2 class=\"elementor-heading-title elementor-size-default\">3.Podr\u00e1 volver a participar en el concurso con otra cuenta, pero s\u00f3lo despu\u00e9s de eliminar todas las dem\u00e1s cuentas del concurso.<\/h2>\t\t\t\t<\/div>\n\t\t\t\t<\/div>\n\t\t\t\t<div class=\"elementor-element elementor-element-be0edaa elementor-widget elementor-widget-heading\" data-id=\"be0edaa\" data-element_type=\"widget\" data-widget_type=\"heading.default\">\n\t\t\t\t<div class=\"elementor-widget-container\">\n\t\t\t\t\t<h2 class=\"elementor-heading-title elementor-size-default\">4.Podr\u00e1 realizar dep\u00f3sitos o retiros de fondos de la cuenta del concurso durante todo el per\u00edodo de duraci\u00f3n del concurso sin ninguna restricci\u00f3n.<\/h2>\t\t\t\t<\/div>\n\t\t\t\t<\/div>\n\t\t\t\t<div class=\"elementor-element elementor-element-133f207 elementor-widget elementor-widget-heading\" data-id=\"133f207\" data-element_type=\"widget\" data-widget_type=\"heading.default\">\n\t\t\t\t<div class=\"elementor-widget-container\">\n\t\t\t\t\t<h2 class=\"elementor-heading-title elementor-size-default\">5.Puede operar con cualquier instrumento disponible, y utilizar cualquier estrategia y robots\/EA.<\/h2>\t\t\t\t<\/div>\n\t\t\t\t<\/div>\n\t\t\t\t<div class=\"elementor-element elementor-element-2f45510 elementor-widget elementor-widget-heading\" data-id=\"2f45510\" data-element_type=\"widget\" data-widget_type=\"heading.default\">\n\t\t\t\t<div class=\"elementor-widget-container\">\n\t\t\t\t\t<h2 class=\"elementor-heading-title elementor-size-default\">6.F\u00f3rmula Ganadora: Rentabilidad = (Ganancia neta \/ Suma de Dep\u00f3sitos) x 100 <\/h2>\t\t\t\t<\/div>\n\t\t\t\t<\/div>\n\t\t\t\t<div class=\"elementor-element elementor-element-1e63761 elementor-widget elementor-widget-heading\" data-id=\"1e63761\" data-element_type=\"widget\" data-widget_type=\"heading.default\">\n\t\t\t\t<div class=\"elementor-widget-container\">\n\t\t\t\t\t<h2 class=\"elementor-heading-title elementor-size-default\">o Ganancia neta: P\u00e9rdidas y ganancias realizadas y no realizadas <\/h2>\t\t\t\t<\/div>\n\t\t\t\t<\/div>\n\t\t\t\t<div class=\"elementor-element elementor-element-f6bda38 elementor-widget elementor-widget-heading\" data-id=\"f6bda38\" data-element_type=\"widget\" data-widget_type=\"heading.default\">\n\t\t\t\t<div class=\"elementor-widget-container\">\n\t\t\t\t\t<h2 class=\"elementor-heading-title elementor-size-default\">o Suma de Dep\u00f3sitos: El monto total de dep\u00f3sitos durante el per\u00edodo de duraci\u00f3n del concurso; <\/h2>\t\t\t\t<\/div>\n\t\t\t\t<\/div>\n\t\t\t\t<div class=\"elementor-element elementor-element-e379ed9 elementor-widget elementor-widget-heading\" data-id=\"e379ed9\" data-element_type=\"widget\" data-widget_type=\"heading.default\">\n\t\t\t\t<div class=\"elementor-widget-container\">\n\t\t\t\t\t<h2 class=\"elementor-heading-title elementor-size-default\">o Los ganadores son aquellos con la mayor Rentabilidad;<\/h2>\t\t\t\t<\/div>\n\t\t\t\t<\/div>\n\t\t\t\t<div class=\"elementor-element elementor-element-fc2a128 elementor-widget elementor-widget-heading\" data-id=\"fc2a128\" data-element_type=\"widget\" data-widget_type=\"heading.default\">\n\t\t\t\t<div class=\"elementor-widget-container\">\n\t\t\t\t\t<h2 class=\"elementor-heading-title elementor-size-default\">7.Los ganadores recibir\u00e1n los siguientes premios:<\/h2>\t\t\t\t<\/div>\n\t\t\t\t<\/div>\n\t\t\t\t<div class=\"elementor-element elementor-element-ceb2901 elementor-widget elementor-widget-heading\" data-id=\"ceb2901\" data-element_type=\"widget\" data-widget_type=\"heading.default\">\n\t\t\t\t<div class=\"elementor-widget-container\">\n\t\t\t\t\t<h2 class=\"elementor-heading-title elementor-size-default\">1\u00ba puesto = $1000 + Paquete Oro de xChief + Escudo Honor\u00edfico<\/h2>\t\t\t\t<\/div>\n\t\t\t\t<\/div>\n\t\t\t\t<div class=\"elementor-element elementor-element-8c5fa3e elementor-widget elementor-widget-heading\" data-id=\"8c5fa3e\" data-element_type=\"widget\" data-widget_type=\"heading.default\">\n\t\t\t\t<div class=\"elementor-widget-container\">\n\t\t\t\t\t<h2 class=\"elementor-heading-title elementor-size-default\">2\u00ba puesto = $750 + Paquete de Oro de xChief + Escudo Honor\u00edfico<\/h2>\t\t\t\t<\/div>\n\t\t\t\t<\/div>\n\t\t\t\t<div class=\"elementor-element elementor-element-b4233c1 elementor-widget elementor-widget-heading\" data-id=\"b4233c1\" data-element_type=\"widget\" data-widget_type=\"heading.default\">\n\t\t\t\t<div class=\"elementor-widget-container\">\n\t\t\t\t\t<h2 class=\"elementor-heading-title elementor-size-default\">3\u00ba puesto = $500 + Paquete de Oro de xChief + Escudo Honor\u00edfico<\/h2>\t\t\t\t<\/div>\n\t\t\t\t<\/div>\n\t\t\t\t<div class=\"elementor-element elementor-element-46a2e0f elementor-widget elementor-widget-heading\" data-id=\"46a2e0f\" data-element_type=\"widget\" data-widget_type=\"heading.default\">\n\t\t\t\t<div class=\"elementor-widget-container\">\n\t\t\t\t\t<h2 class=\"elementor-heading-title elementor-size-default\">4\u00ba al 10\u00ba puesto = $250 + Paquete de Oro de xChief + Certificado de Reconocimiento<\/h2>\t\t\t\t<\/div>\n\t\t\t\t<\/div>\n\t\t\t\t<div class=\"elementor-element elementor-element-3941046 elementor-widget elementor-widget-heading\" data-id=\"3941046\" data-element_type=\"widget\" data-widget_type=\"heading.default\">\n\t\t\t\t<div class=\"elementor-widget-container\">\n\t\t\t\t\t<h2 class=\"elementor-heading-title elementor-size-default\">Del 11\u00ba al 20\u00ba puesto = $100 + Paquete de Oro de xChief + Certificado de Reconocimiento<\/h2>\t\t\t\t<\/div>\n\t\t\t\t<\/div>\n\t\t\t\t<div class=\"elementor-element elementor-element-8ad5518 elementor-widget elementor-widget-heading\" data-id=\"8ad5518\" data-element_type=\"widget\" data-widget_type=\"heading.default\">\n\t\t\t\t<div class=\"elementor-widget-container\">\n\t\t\t\t\t<h2 class=\"elementor-heading-title elementor-size-default\">8.Para participar es necesario realizar al menos 10 transacciones. xChief se reserva el derecho de descalificar a un participante si no se cumple esta condici\u00f3n. <\/h2>\t\t\t\t<\/div>\n\t\t\t\t<\/div>\n\t\t\t\t<div class=\"elementor-element elementor-element-b5034a7 elementor-widget elementor-widget-heading\" data-id=\"b5034a7\" data-element_type=\"widget\" data-widget_type=\"heading.default\">\n\t\t\t\t<div class=\"elementor-widget-container\">\n\t\t\t\t\t<h2 class=\"elementor-heading-title elementor-size-default\">9.No puede cubrir posiciones abiertas en la cuenta del concurso utilizando otras cuentas de trading (abiertas con xChief u otros brokers).<\/h2>\t\t\t\t<\/div>\n\t\t\t\t<\/div>\n\t\t\t\t<div class=\"elementor-element elementor-element-437ffb5 elementor-widget elementor-widget-heading\" data-id=\"437ffb5\" data-element_type=\"widget\" data-widget_type=\"heading.default\">\n\t\t\t\t<div class=\"elementor-widget-container\">\n\t\t\t\t\t<h2 class=\"elementor-heading-title elementor-size-default\">10.\u00a1Atenci\u00f3n! Al participar en el concurso, usted acepta el derecho de xChief a excluirlo del concurso en cualquier momento sin dar ninguna raz\u00f3n. <\/h2>\t\t\t\t<\/div>\n\t\t\t\t<\/div>\n\t\t\t\t<div class=\"elementor-element elementor-element-fd771ca elementor-widget elementor-widget-spacer\" data-id=\"fd771ca\" data-element_type=\"widget\" data-widget_type=\"spacer.default\">\n\t\t\t\t<div class=\"elementor-widget-container\">\n\t\t\t\t\t\t\t<div class=\"elementor-spacer\">\n\t\t\t<div class=\"elementor-spacer-inner\"><\/div>\n\t\t<\/div>\n\t\t\t\t\t\t<\/div>\n\t\t\t\t<\/div>\n\t\t\t\t<div class=\"elementor-element elementor-element-3ad5dba elementor-align-center elementor-widget elementor-widget-button\" data-id=\"3ad5dba\" data-element_type=\"widget\" data-widget_type=\"button.default\">\n\t\t\t\t<div class=\"elementor-widget-container\">\n\t\t\t\t\t\t\t\t\t<div class=\"elementor-button-wrapper\">\n\t\t\t\t\t<a class=\"elementor-button elementor-button-link elementor-size-lg\" href=\"https:\/\/mychief.cloud\/es\/contests\/whale\/\" target=\"_blank\" rel=\"noopener\">\n\t\t\t\t\t\t<span class=\"elementor-button-content-wrapper\">\n\t\t\t\t\t\t\t\t\t<span class=\"elementor-button-text\">Participar<\/span>\n\t\t\t\t\t<\/span>\n\t\t\t\t\t<\/a>\n\t\t\t\t<\/div>\n\t\t\t\t\t\t\t\t<\/div>\n\t\t\t\t<\/div>\n\t\t\t\t\t<\/div>\n\t\t<\/div>\n\t\t\t\t\t<\/div>\n\t\t<\/section>\n\t\t\t\t<\/div>\n\t\t","protected":false},"excerpt":{"rendered":"<p>Gold Whale es un concurso de trading mensual en el que los participantes tienen la oportunidad de ganar una parte de premios en efectivo por un total de $5000. Fondo&#8230;<\/p>\n","protected":false},"author":0,"featured_media":0,"parent":0,"menu_order":0,"comment_status":"closed","ping_status":"closed","template":"","meta":{"_acf_changed":false,"inline_featured_image":false,"footnotes":""},"categories":[],"tags":[],"class_list":["post-20357","page","type-page","status-publish","hentry"],"acf":[],"_links":{"self":[{"href":"https:\/\/xchief.academy\/es\/wp-json\/wp\/v2\/pages\/20357","targetHints":{"allow":["GET"]}}],"collection":[{"href":"https:\/\/xchief.academy\/es\/wp-json\/wp\/v2\/pages"}],"about":[{"href":"https:\/\/xchief.academy\/es\/wp-json\/wp\/v2\/types\/page"}],"replies":[{"embeddable":true,"href":"https:\/\/xchief.academy\/es\/wp-json\/wp\/v2\/comments?post=20357"}],"version-history":[{"count":10,"href":"https:\/\/xchief.academy\/es\/wp-json\/wp\/v2\/pages\/20357\/revisions"}],"predecessor-version":[{"id":20368,"href":"https:\/\/xchief.academy\/es\/wp-json\/wp\/v2\/pages\/20357\/revisions\/20368"}],"wp:attachment":[{"href":"https:\/\/xchief.academy\/es\/wp-json\/wp\/v2\/media?parent=20357"}],"wp:term":[{"taxonomy":"category","embeddable":true,"href":"https:\/\/xchief.academy\/es\/wp-json\/wp\/v2\/categories?post=20357"},{"taxonomy":"post_tag","embeddable":true,"href":"https:\/\/xchief.academy\/es\/wp-json\/wp\/v2\/tags?post=20357"}],"curies":[{"name":"wp","href":"https:\/\/api.w.org\/{rel}","templated":true}]}}