{"id":20353,"date":"2023-12-20T08:54:25","date_gmt":"2023-12-20T05:24:25","guid":{"rendered":"https:\/\/xchief.academy\/club-de-comerciantes\/"},"modified":"2024-09-26T01:09:12","modified_gmt":"2024-09-25T21:39:12","slug":"club-de-comerciantes","status":"publish","type":"page","link":"https:\/\/xchief.academy\/es\/club-de-comerciantes\/","title":{"rendered":"Club de comerciantes"},"content":{"rendered":"\t\t<div data-elementor-type=\"wp-page\" data-elementor-id=\"20353\" class=\"elementor elementor-20353\" data-elementor-post-type=\"page\">\n\t\t\t\t\t\t<section class=\"elementor-section elementor-top-section elementor-element elementor-element-1f1e3ac elementor-section-boxed elementor-section-height-default elementor-section-height-default\" data-id=\"1f1e3ac\" data-element_type=\"section\">\n\t\t\t\t\t\t<div class=\"elementor-container elementor-column-gap-default\">\n\t\t\t\t\t<div class=\"elementor-column elementor-col-100 elementor-top-column elementor-element elementor-element-5772f40\" data-id=\"5772f40\" data-element_type=\"column\">\n\t\t\t<div class=\"elementor-widget-wrap elementor-element-populated\">\n\t\t\t\t\t\t<div class=\"elementor-element elementor-element-454579e elementor-widget elementor-widget-image\" data-id=\"454579e\" data-element_type=\"widget\" data-widget_type=\"image.default\">\n\t\t\t\t<div class=\"elementor-widget-container\">\n\t\t\t\t\t\t\t\t\t\t\t\t\t\t\t<img fetchpriority=\"high\" decoding=\"async\" width=\"1024\" height=\"595\" src=\"https:\/\/xchief.academy\/wp-content\/uploads\/2024\/02\/ezgif.com-jpg-to-webp-converter-8-1024x595.webp\" class=\"attachment-large size-large wp-image-6451\" alt=\"\" srcset=\"https:\/\/xchief.academy\/wp-content\/uploads\/2024\/02\/ezgif.com-jpg-to-webp-converter-8-1024x595.webp 1024w, https:\/\/xchief.academy\/wp-content\/uploads\/2024\/02\/ezgif.com-jpg-to-webp-converter-8-300x174.webp 300w, https:\/\/xchief.academy\/wp-content\/uploads\/2024\/02\/ezgif.com-jpg-to-webp-converter-8-768x447.webp 768w, https:\/\/xchief.academy\/wp-content\/uploads\/2024\/02\/ezgif.com-jpg-to-webp-converter-8-1536x893.webp 1536w, https:\/\/xchief.academy\/wp-content\/uploads\/2024\/02\/ezgif.com-jpg-to-webp-converter-8-600x349.webp 600w, https:\/\/xchief.academy\/wp-content\/uploads\/2024\/02\/ezgif.com-jpg-to-webp-converter-8.webp 1720w\" sizes=\"(max-width: 1024px) 100vw, 1024px\" \/>\t\t\t\t\t\t\t\t\t\t\t\t\t\t\t<\/div>\n\t\t\t\t<\/div>\n\t\t\t\t<div class=\"elementor-element elementor-element-4a79e86 elementor-widget elementor-widget-heading\" data-id=\"4a79e86\" data-element_type=\"widget\" data-widget_type=\"heading.default\">\n\t\t\t\t<div class=\"elementor-widget-container\">\n\t\t\t\t\t<p class=\"elementor-heading-title elementor-size-default\"> El mercado de Forex es el mayor mercado financiero del mundo, y ha atra\u00eddo a muchos entusiastas e inversores en las dos \u00faltimas d\u00e9cadas. Para los nuevos inversores, el Forex puede parecer una aut\u00e9ntica mina de oro. Sin embargo, alcanzar el \u00e9xito en el mercado de Forex requiere un conjunto de habilidades diversas y un profundo conocimiento de varios temas, algo de lo que carecen la mayor\u00eda de los principiantes. De hecho, cualquier operador novato deber\u00eda plantearse al menos las siguientes preguntas:<br><br>C\u00f3mo puedo desarrollar una estrategia de trading exitosa?<br>C\u00f3mo puedo asegurarme de obtener ganancias de forma constante a pesar de las condiciones cambiantes del mercado?<br>D\u00f3nde puedo aprender m\u00e1s sobre trading?<br>D\u00f3nde puedo encontrar un mentor que me gu\u00ede a trav\u00e9s de las estrategias de trading, la gesti\u00f3n del riesgo y el desarrollo de una correcta mentalidad?<br><br>Para responder a estas preguntas, hemos creado el Traders Club en colaboraci\u00f3n con el grupo Chartical, que cuenta con m\u00e1s de 20 a\u00f1os de experiencia en formaci\u00f3n en trading de alta calidad y desarrollo de software de trading. Al convertirse en miembro del Traders Club, podr\u00e1 acceder a exclusivos servicios, como tutor\u00edas, formaci\u00f3n sobre mentalidad, soporte entre compa\u00f1eros y Sistemas de Trading de Chartical Software, \u00a1todo ello de forma gratuita y sin restricciones! Para obtener m\u00e1s informaci\u00f3n y unirse al Traders Club, vea los siguientes v\u00eddeos educativos:         <\/p>\t\t\t\t<\/div>\n\t\t\t\t<\/div>\n\t\t\t\t\t<\/div>\n\t\t<\/div>\n\t\t\t\t\t<\/div>\n\t\t<\/section>\n\t\t\t\t<section class=\"elementor-section elementor-top-section elementor-element elementor-element-73415d5 elementor-section-boxed elementor-section-height-default elementor-section-height-default\" data-id=\"73415d5\" data-element_type=\"section\" data-settings=\"{&quot;background_background&quot;:&quot;gradient&quot;}\">\n\t\t\t\t\t\t<div class=\"elementor-container elementor-column-gap-default\">\n\t\t\t\t\t<div class=\"elementor-column elementor-col-50 elementor-top-column elementor-element elementor-element-e55bb7b\" data-id=\"e55bb7b\" data-element_type=\"column\">\n\t\t\t<div class=\"elementor-widget-wrap elementor-element-populated\">\n\t\t\t\t\t\t<div class=\"elementor-element elementor-element-7d63f6e elementor-widget elementor-widget-image\" data-id=\"7d63f6e\" data-element_type=\"widget\" data-widget_type=\"image.default\">\n\t\t\t\t<div class=\"elementor-widget-container\">\n\t\t\t\t\t\t\t\t\t\t\t\t\t\t\t<img decoding=\"async\" width=\"640\" height=\"640\" src=\"https:\/\/xchief.academy\/wp-content\/uploads\/2024\/02\/ezgif.com-jpg-to-webp-converter-9.webp\" class=\"attachment-large size-large wp-image-6457\" alt=\"\" srcset=\"https:\/\/xchief.academy\/wp-content\/uploads\/2024\/02\/ezgif.com-jpg-to-webp-converter-9.webp 640w, https:\/\/xchief.academy\/wp-content\/uploads\/2024\/02\/ezgif.com-jpg-to-webp-converter-9-300x300.webp 300w, https:\/\/xchief.academy\/wp-content\/uploads\/2024\/02\/ezgif.com-jpg-to-webp-converter-9-150x150.webp 150w, https:\/\/xchief.academy\/wp-content\/uploads\/2024\/02\/ezgif.com-jpg-to-webp-converter-9-250x250.webp 250w, https:\/\/xchief.academy\/wp-content\/uploads\/2024\/02\/ezgif.com-jpg-to-webp-converter-9-100x100.webp 100w, https:\/\/xchief.academy\/wp-content\/uploads\/2024\/02\/ezgif.com-jpg-to-webp-converter-9-600x600.webp 600w\" sizes=\"(max-width: 640px) 100vw, 640px\" \/>\t\t\t\t\t\t\t\t\t\t\t\t\t\t\t<\/div>\n\t\t\t\t<\/div>\n\t\t\t\t\t<\/div>\n\t\t<\/div>\n\t\t\t\t<div class=\"elementor-column elementor-col-50 elementor-top-column elementor-element elementor-element-db512c8\" data-id=\"db512c8\" data-element_type=\"column\">\n\t\t\t<div class=\"elementor-widget-wrap elementor-element-populated\">\n\t\t\t\t\t\t<div class=\"elementor-element elementor-element-6fcac99 elementor-widget__width-initial elementor-widget elementor-widget-heading\" data-id=\"6fcac99\" data-element_type=\"widget\" data-widget_type=\"heading.default\">\n\t\t\t\t<div class=\"elementor-widget-container\">\n\t\t\t\t\t<p class=\"elementor-heading-title elementor-size-default\">Ahmadreza Jabal Aamili es uno de los pioneros de los mercados financieros en Ir\u00e1n, con 20 a\u00f1os de experiencia en trading y como docente. Tras a\u00f1os de ensayo y error, experimentando con diversos m\u00e9todos de an\u00e1lisis t\u00e9cnico e indicadores, lleg\u00f3 a la conclusi\u00f3n de que los enfoques financieros tradicionales por s\u00ed solos no bastaban para tener \u00e9xito. En su lugar, descubri\u00f3 que el \u00e9xito depende en \u00faltima instancia del dominio de la acci\u00f3n del precio, una conclusi\u00f3n a la que lleg\u00f3 tras cinco a\u00f1os de estudio exhaustivo. Armado con ideas m\u00e1s profundas e investigaciones acad\u00e9micas, el Profesor Jabal Aamili comenz\u00f3 a ofrecer formaci\u00f3n gratuita tras una d\u00e9cada en los mercados financieros. Durante los \u00faltimos nueve a\u00f1os, ha estado impartiendo a los estudiantes m\u00e9todos de trading fundamentales y eficaces. Inicialmente apodado \u201cSentimental\u201d, su m\u00e9todo de trading sufri\u00f3 una transformaci\u00f3n y ahora se conoce como \u201cChartical (Gr\u00e1fico)\u201d. En la actualidad, \u201cChartical\u201d es una de las principales instituciones de desarrollo de habilidades de trading y software de trading especializado a escala mundial, y ofrece m\u00e1s de 120 horas mensuales de sesiones de formaci\u00f3n en l\u00ednea.      <\/p>\t\t\t\t<\/div>\n\t\t\t\t<\/div>\n\t\t\t\t\t<\/div>\n\t\t<\/div>\n\t\t\t\t\t<\/div>\n\t\t<\/section>\n\t\t\t\t<section class=\"elementor-section elementor-top-section elementor-element elementor-element-4ba11ca elementor-section-boxed elementor-section-height-default elementor-section-height-default\" data-id=\"4ba11ca\" data-element_type=\"section\">\n\t\t\t\t\t\t<div class=\"elementor-container elementor-column-gap-default\">\n\t\t\t\t\t<div class=\"elementor-column elementor-col-100 elementor-top-column elementor-element elementor-element-e11906d\" data-id=\"e11906d\" data-element_type=\"column\">\n\t\t\t<div class=\"elementor-widget-wrap elementor-element-populated\">\n\t\t\t\t\t\t<div class=\"elementor-element elementor-element-c4a7c6d elementor-widget elementor-widget-spacer\" data-id=\"c4a7c6d\" data-element_type=\"widget\" data-widget_type=\"spacer.default\">\n\t\t\t\t<div class=\"elementor-widget-container\">\n\t\t\t\t\t\t\t<div class=\"elementor-spacer\">\n\t\t\t<div class=\"elementor-spacer-inner\"><\/div>\n\t\t<\/div>\n\t\t\t\t\t\t<\/div>\n\t\t\t\t<\/div>\n\t\t\t\t\t<\/div>\n\t\t<\/div>\n\t\t\t\t\t<\/div>\n\t\t<\/section>\n\t\t\t\t<section class=\"elementor-section elementor-top-section elementor-element elementor-element-4bf0fd8 elementor-section-boxed elementor-section-height-default elementor-section-height-default\" data-id=\"4bf0fd8\" data-element_type=\"section\">\n\t\t\t\t\t\t<div class=\"elementor-container elementor-column-gap-default\">\n\t\t\t\t\t<div class=\"elementor-column elementor-col-100 elementor-top-column elementor-element elementor-element-2925226\" data-id=\"2925226\" data-element_type=\"column\">\n\t\t\t<div class=\"elementor-widget-wrap elementor-element-populated\">\n\t\t\t\t\t\t<div class=\"elementor-element elementor-element-cb3c14f elementor-widget elementor-widget-heading\" data-id=\"cb3c14f\" data-element_type=\"widget\" data-widget_type=\"heading.default\">\n\t\t\t\t<div class=\"elementor-widget-container\">\n\t\t\t\t\t<h2 class=\"elementor-heading-title elementor-size-default\">V\u00eddeos educativos<\/h2>\t\t\t\t<\/div>\n\t\t\t\t<\/div>\n\t\t\t\t<div class=\"elementor-element elementor-element-a915ffd elementor-widget elementor-widget-shortcode\" data-id=\"a915ffd\" data-element_type=\"widget\" data-widget_type=\"shortcode.default\">\n\t\t\t\t<div class=\"elementor-widget-container\">\n\t\t\t\t\t\t\t<div class=\"elementor-shortcode\">        <div class=\"parsplayer parsplayer-skin-default parsplayer-loading\">\r\n            <div class=\"parsplayer-video\">        <video id=\"pars-player-69731149\" class=\"video-js vjs-default-skin vjs-big-play-centered vjs-gradient-bottom intrinsic-ignore vjs-poster-cover vjs-add-shadow vjs-add-border-radius vjs-pic-in-pic\" webkit-playsinline disableRemotePlayback preload=\"metadata\" width=\"640\" height=\"264\" controls>\r\n\t\t<source src=\"https:\/\/dl.xchief.academy\/video\/traders-club\/1.mp4\" label=\"\" type=\"video\/mp4\" \/>        <p class=\"vjs-no-js\">To view this video please enable JavaScript, and consider upgrading to a web browser that <a href=\"http:\/\/videojs.com\/html5-video-support\/\" target=\"_blank\" rel=\"noopener\">supports HTML5 video<\/a><\/p>\r\n        <\/video>\r\n\t\t<\/div>\r\n        <\/div>\r\n\t\t<\/div>\n\t\t\t\t\t\t<\/div>\n\t\t\t\t<\/div>\n\t\t\t\t<div class=\"elementor-element elementor-element-f1394aa elementor-widget elementor-widget-spacer\" data-id=\"f1394aa\" data-element_type=\"widget\" data-widget_type=\"spacer.default\">\n\t\t\t\t<div class=\"elementor-widget-container\">\n\t\t\t\t\t\t\t<div class=\"elementor-spacer\">\n\t\t\t<div class=\"elementor-spacer-inner\"><\/div>\n\t\t<\/div>\n\t\t\t\t\t\t<\/div>\n\t\t\t\t<\/div>\n\t\t\t\t<div class=\"elementor-element elementor-element-49b1e9c elementor-widget elementor-widget-shortcode\" data-id=\"49b1e9c\" data-element_type=\"widget\" data-widget_type=\"shortcode.default\">\n\t\t\t\t<div class=\"elementor-widget-container\">\n\t\t\t\t\t\t\t<div class=\"elementor-shortcode\">        <div class=\"parsplayer parsplayer-skin-default parsplayer-loading\">\r\n            <div class=\"parsplayer-video\">        <video id=\"pars-player-71294668\" class=\"video-js vjs-default-skin vjs-big-play-centered vjs-gradient-bottom intrinsic-ignore vjs-poster-cover vjs-add-shadow vjs-add-border-radius vjs-pic-in-pic\" webkit-playsinline disableRemotePlayback preload=\"metadata\" width=\"640\" height=\"264\" controls>\r\n\t\t<source src=\"https:\/\/dl.xchief.academy\/video\/traders-club\/2.mp4\" label=\"\" type=\"video\/mp4\" \/>        <p class=\"vjs-no-js\">To view this video please enable JavaScript, and consider upgrading to a web browser that <a href=\"http:\/\/videojs.com\/html5-video-support\/\" target=\"_blank\" rel=\"noopener\">supports HTML5 video<\/a><\/p>\r\n        <\/video>\r\n\t\t<\/div>\r\n        <\/div>\r\n\t\t<\/div>\n\t\t\t\t\t\t<\/div>\n\t\t\t\t<\/div>\n\t\t\t\t\t<\/div>\n\t\t<\/div>\n\t\t\t\t\t<\/div>\n\t\t<\/section>\n\t\t\t\t<\/div>\n\t\t","protected":false},"excerpt":{"rendered":"<p>El mercado de Forex es el mayor mercado financiero del mundo, y ha atra\u00eddo a muchos entusiastas e inversores en las dos \u00faltimas d\u00e9cadas. Para los nuevos inversores, el Forex&#8230;<\/p>\n","protected":false},"author":0,"featured_media":0,"parent":0,"menu_order":0,"comment_status":"closed","ping_status":"closed","template":"","meta":{"_acf_changed":false,"inline_featured_image":false,"footnotes":""},"categories":[],"tags":[],"class_list":["post-20353","page","type-page","status-publish","hentry"],"acf":[],"_links":{"self":[{"href":"https:\/\/xchief.academy\/es\/wp-json\/wp\/v2\/pages\/20353","targetHints":{"allow":["GET"]}}],"collection":[{"href":"https:\/\/xchief.academy\/es\/wp-json\/wp\/v2\/pages"}],"about":[{"href":"https:\/\/xchief.academy\/es\/wp-json\/wp\/v2\/types\/page"}],"replies":[{"embeddable":true,"href":"https:\/\/xchief.academy\/es\/wp-json\/wp\/v2\/comments?post=20353"}],"version-history":[{"count":3,"href":"https:\/\/xchief.academy\/es\/wp-json\/wp\/v2\/pages\/20353\/revisions"}],"predecessor-version":[{"id":20356,"href":"https:\/\/xchief.academy\/es\/wp-json\/wp\/v2\/pages\/20353\/revisions\/20356"}],"wp:attachment":[{"href":"https:\/\/xchief.academy\/es\/wp-json\/wp\/v2\/media?parent=20353"}],"wp:term":[{"taxonomy":"category","embeddable":true,"href":"https:\/\/xchief.academy\/es\/wp-json\/wp\/v2\/categories?post=20353"},{"taxonomy":"post_tag","embeddable":true,"href":"https:\/\/xchief.academy\/es\/wp-json\/wp\/v2\/tags?post=20353"}],"curies":[{"name":"wp","href":"https:\/\/api.w.org\/{rel}","templated":true}]}}