{"id":20326,"date":"2023-08-14T11:59:02","date_gmt":"2023-08-14T08:29:02","guid":{"rendered":"https:\/\/xchief.academy\/acerca-de-la-academia\/"},"modified":"2024-09-24T18:46:11","modified_gmt":"2024-09-24T15:16:11","slug":"acerca-de-la-academia","status":"publish","type":"page","link":"https:\/\/xchief.academy\/es\/acerca-de-la-academia\/","title":{"rendered":"Acerca de la Academia"},"content":{"rendered":"\t\t<div data-elementor-type=\"wp-page\" data-elementor-id=\"20326\" class=\"elementor elementor-20326 elementor-1055\" data-elementor-post-type=\"page\">\n\t\t\t\t\t\t<section class=\"elementor-section elementor-top-section elementor-element elementor-element-1c3bfc9 elementor-section-boxed elementor-section-height-default elementor-section-height-default\" data-id=\"1c3bfc9\" data-element_type=\"section\">\n\t\t\t\t\t\t<div class=\"elementor-container elementor-column-gap-default\">\n\t\t\t\t\t<div class=\"elementor-column elementor-col-100 elementor-top-column elementor-element elementor-element-e159327\" data-id=\"e159327\" data-element_type=\"column\" data-settings=\"{&quot;background_background&quot;:&quot;classic&quot;}\">\n\t\t\t<div class=\"elementor-widget-wrap elementor-element-populated\">\n\t\t\t\t\t\t<div class=\"elementor-element elementor-element-7cecfd3 elementor-widget elementor-widget-image\" data-id=\"7cecfd3\" data-element_type=\"widget\" data-widget_type=\"image.default\">\n\t\t\t\t<div class=\"elementor-widget-container\">\n\t\t\t\t\t\t\t\t\t\t\t\t\t\t\t<img fetchpriority=\"high\" decoding=\"async\" width=\"1024\" height=\"576\" src=\"https:\/\/xchief.academy\/wp-content\/uploads\/2024\/02\/ezgif.com-jpg-to-webp-converter-14-1024x576.webp\" class=\"attachment-large size-large wp-image-6499\" alt=\"\" srcset=\"https:\/\/xchief.academy\/wp-content\/uploads\/2024\/02\/ezgif.com-jpg-to-webp-converter-14-1024x576.webp 1024w, https:\/\/xchief.academy\/wp-content\/uploads\/2024\/02\/ezgif.com-jpg-to-webp-converter-14-300x169.webp 300w, https:\/\/xchief.academy\/wp-content\/uploads\/2024\/02\/ezgif.com-jpg-to-webp-converter-14-768x432.webp 768w, https:\/\/xchief.academy\/wp-content\/uploads\/2024\/02\/ezgif.com-jpg-to-webp-converter-14-1536x864.webp 1536w, https:\/\/xchief.academy\/wp-content\/uploads\/2024\/02\/ezgif.com-jpg-to-webp-converter-14-600x338.webp 600w, https:\/\/xchief.academy\/wp-content\/uploads\/2024\/02\/ezgif.com-jpg-to-webp-converter-14.webp 1920w\" sizes=\"(max-width: 1024px) 100vw, 1024px\" \/>\t\t\t\t\t\t\t\t\t\t\t\t\t\t\t<\/div>\n\t\t\t\t<\/div>\n\t\t\t\t<div class=\"elementor-element elementor-element-b76f879 elementor-widget elementor-widget-spacer\" data-id=\"b76f879\" data-element_type=\"widget\" data-widget_type=\"spacer.default\">\n\t\t\t\t<div class=\"elementor-widget-container\">\n\t\t\t\t\t\t\t<div class=\"elementor-spacer\">\n\t\t\t<div class=\"elementor-spacer-inner\"><\/div>\n\t\t<\/div>\n\t\t\t\t\t\t<\/div>\n\t\t\t\t<\/div>\n\t\t\t\t<div class=\"elementor-element elementor-element-ea4a27e elementor-widget elementor-widget-heading\" data-id=\"ea4a27e\" data-element_type=\"widget\" data-widget_type=\"heading.default\">\n\t\t\t\t<div class=\"elementor-widget-container\">\n\t\t\t\t\t<h1 class=\"elementor-heading-title elementor-size-default\">Acerca de la Academia<\/h1>\t\t\t\t<\/div>\n\t\t\t\t<\/div>\n\t\t\t\t<div class=\"elementor-element elementor-element-f4a0185 elementor-widget elementor-widget-heading\" data-id=\"f4a0185\" data-element_type=\"widget\" data-widget_type=\"heading.default\">\n\t\t\t\t<div class=\"elementor-widget-container\">\n\t\t\t\t\t<p class=\"elementor-heading-title elementor-size-default\">xChief Academy inici\u00f3 sus operaciones en 2022 con el objetivo de mejorar los conocimientos de los traders para cumplir con los est\u00e1ndares globales. Como centro educativo respetado en Forex, xChief Academy ofrece noticias, an\u00e1lisis, art\u00edculos, v\u00eddeos, cursos de formaci\u00f3n y recomendaciones de trading, capacitando a los traders para aumentar sus conocimientos de trading y sus ganancias en los mercados financieros.  <\/p>\t\t\t\t<\/div>\n\t\t\t\t<\/div>\n\t\t\t\t<div class=\"elementor-element elementor-element-fdab042 elementor-widget elementor-widget-heading\" data-id=\"fdab042\" data-element_type=\"widget\" data-widget_type=\"heading.default\">\n\t\t\t\t<div class=\"elementor-widget-container\">\n\t\t\t\t\t<h2 class=\"elementor-heading-title elementor-size-default\">Nuestro equipo <\/h2>\t\t\t\t<\/div>\n\t\t\t\t<\/div>\n\t\t\t\t<div class=\"elementor-element elementor-element-0c5c9bc elementor-widget elementor-widget-heading\" data-id=\"0c5c9bc\" data-element_type=\"widget\" data-widget_type=\"heading.default\">\n\t\t\t\t<div class=\"elementor-widget-container\">\n\t\t\t\t\t<p class=\"elementor-heading-title elementor-size-default\">xChief Academy proporciona una plataforma de aprendizaje segura que cubre todos los aspectos de Forex, desde niveles principiantes hasta avanzados. Nuestro equipo experimentado y profesional cuenta con los mejores instructores con a\u00f1os de experiencia en formaci\u00f3n profesional y utiliza los \u00faltimos m\u00e9todos de formaci\u00f3n. Nuestro equipo, que actualiza constantemente nuestro contenido educativo b\u00e1sico, ayuda a los traders a operar de forma profesional y rentable en el mercado Forex a trav\u00e9s de una formaci\u00f3n y tutor\u00eda de alta calidad.  <\/p>\t\t\t\t<\/div>\n\t\t\t\t<\/div>\n\t\t\t\t<div class=\"elementor-element elementor-element-34a4fa3 elementor-widget elementor-widget-heading\" data-id=\"34a4fa3\" data-element_type=\"widget\" data-widget_type=\"heading.default\">\n\t\t\t\t<div class=\"elementor-widget-container\">\n\t\t\t\t\t<h2 class=\"elementor-heading-title elementor-size-default\"> Nuestro objetivo <\/h2>\t\t\t\t<\/div>\n\t\t\t\t<\/div>\n\t\t\t\t<div class=\"elementor-element elementor-element-f8b1f12 elementor-widget elementor-widget-heading\" data-id=\"f8b1f12\" data-element_type=\"widget\" data-widget_type=\"heading.default\">\n\t\t\t\t<div class=\"elementor-widget-container\">\n\t\t\t\t\t<p class=\"elementor-heading-title elementor-size-default\">El \u00e9xito en los mercados financieros depende de una comprensi\u00f3n fundamental de los fundamentos y conceptos del mercado, junto con la dedicaci\u00f3n a estos principios. Nuestro objetivo es simplificar el trading e impartir conceptos b\u00e1sicos y avanzados a los traders, permiti\u00e9ndoles lograr una ganancia estable al tiempo que salvaguardan su capital de posibles riesgos. Para garantizar que alcanzamos este objetivo, nos dedicamos a producir contenidos educativos y anal\u00edticos completos y precisos utilizando m\u00e9todos actualizados que satisfacen las necesidades diarias de los traders. Adem\u00e1s, interactuamos con nuestros clientes a diario y evaluamos activamente sus progresos, lo que ayuda a los traders a navegar por los mercados con eficacia y maximizar sus ganancias.  <\/p>\t\t\t\t<\/div>\n\t\t\t\t<\/div>\n\t\t\t\t<div class=\"elementor-element elementor-element-1b108d4 elementor-widget elementor-widget-heading\" data-id=\"1b108d4\" data-element_type=\"widget\" data-widget_type=\"heading.default\">\n\t\t\t\t<div class=\"elementor-widget-container\">\n\t\t\t\t\t<h2 class=\"elementor-heading-title elementor-size-default\">En conclusi\u00f3n <\/h2>\t\t\t\t<\/div>\n\t\t\t\t<\/div>\n\t\t\t\t<div class=\"elementor-element elementor-element-e958034 elementor-widget elementor-widget-heading\" data-id=\"e958034\" data-element_type=\"widget\" data-widget_type=\"heading.default\">\n\t\t\t\t<div class=\"elementor-widget-container\">\n\t\t\t\t\t<p class=\"elementor-heading-title elementor-size-default\">El mercado de Forex, uno de los mayores mercados financieros del mundo, ha atra\u00eddo a numerosos entusiastas e inversores. Sin embargo, los traders a menudo se enfrentan a la falta de recursos educativos fiables y de mentores. En xChief Academy, nos esforzamos por ayudar a los traders con nuestros conocimientos y experiencia, capacit\u00e1ndolos para lograr ganancias consistentes en este mercado a trav\u00e9s de una s\u00f3lida gesti\u00f3n del capital.  <\/p>\t\t\t\t<\/div>\n\t\t\t\t<\/div>\n\t\t\t\t\t<\/div>\n\t\t<\/div>\n\t\t\t\t\t<\/div>\n\t\t<\/section>\n\t\t\t\t<\/div>\n\t\t","protected":false},"excerpt":{"rendered":"<p>Acerca de la Academia xChief Academy inici\u00f3 sus operaciones en 2022 con el objetivo de mejorar los conocimientos de los traders para cumplir con los est\u00e1ndares globales. Como centro educativo&#8230;<\/p>\n","protected":false},"author":0,"featured_media":0,"parent":0,"menu_order":0,"comment_status":"closed","ping_status":"closed","template":"elementor_header_footer","meta":{"_acf_changed":false,"inline_featured_image":false,"footnotes":""},"categories":[],"tags":[],"class_list":["post-20326","page","type-page","status-publish","hentry"],"acf":[],"_links":{"self":[{"href":"https:\/\/xchief.academy\/es\/wp-json\/wp\/v2\/pages\/20326","targetHints":{"allow":["GET"]}}],"collection":[{"href":"https:\/\/xchief.academy\/es\/wp-json\/wp\/v2\/pages"}],"about":[{"href":"https:\/\/xchief.academy\/es\/wp-json\/wp\/v2\/types\/page"}],"replies":[{"embeddable":true,"href":"https:\/\/xchief.academy\/es\/wp-json\/wp\/v2\/comments?post=20326"}],"version-history":[{"count":6,"href":"https:\/\/xchief.academy\/es\/wp-json\/wp\/v2\/pages\/20326\/revisions"}],"predecessor-version":[{"id":20335,"href":"https:\/\/xchief.academy\/es\/wp-json\/wp\/v2\/pages\/20326\/revisions\/20335"}],"wp:attachment":[{"href":"https:\/\/xchief.academy\/es\/wp-json\/wp\/v2\/media?parent=20326"}],"wp:term":[{"taxonomy":"category","embeddable":true,"href":"https:\/\/xchief.academy\/es\/wp-json\/wp\/v2\/categories?post=20326"},{"taxonomy":"post_tag","embeddable":true,"href":"https:\/\/xchief.academy\/es\/wp-json\/wp\/v2\/tags?post=20326"}],"curies":[{"name":"wp","href":"https:\/\/api.w.org\/{rel}","templated":true}]}}